{"id":2142,"date":"2022-07-27T21:32:41","date_gmt":"2022-07-27T19:32:41","guid":{"rendered":"https:\/\/123-esta.com\/nahrungsmittel-usa-machen-die-gute-wahl\/"},"modified":"2022-09-23T11:16:36","modified_gmt":"2022-09-23T09:16:36","slug":"nahrungsmittel-usa-machen-die-gute-wahl","status":"publish","type":"page","link":"https:\/\/123-esta.com\/de\/nahrungsmittel-usa-machen-die-gute-wahl\/","title":{"rendered":"Die Wahl des richtigen amerikanischen Essens"},"content":{"rendered":"<p>Mit \u00fcber 320 Millionen Einwohnern herrscht in den USA nicht gerade ein Mangel an Lebensmitteln. Das Land ist \u00fcbrigens leider f\u00fcr die Fettleibigkeit eines Gro\u00dfteils seiner Bev\u00f6lkerung bekannt.<\/p>\n<h2>Wie kann man in den USA gut essen?<\/h2>\n<p>In den USA ist es immer sehr einfach, eine gro\u00dfe Auswahl an verschiedenen Restaurants und Fast-Food-Restaurants zu finden. In den Gro\u00dfst\u00e4dten gibt es eine gro\u00dfe Auswahl an <a href=\"https:\/\/123-esta.com\/de\/die-amerikanische-kueche\/\">Restaurants<\/a>, in denen man gut essen kann, auch wenn es oft teuer ist.<\/p>\n<p>An den entlegensten Orten m\u00fcssen Sie sich vielleicht mit anderen Essgewohnheiten vertraut machen. Dies kann sowohl eine gute als auch eine schlechte Nachricht sein. Wer wei\u00df, vielleicht schmeckt Ihnen die Maissuppe mit roten Bohnen, die typisch f\u00fcr die Grenzregionen zu Mexiko ist? Es ist auch m\u00f6glich, dass Sie \u00fcberhaupt nicht m\u00f6gen&#8230;<\/p>\n<p>Im schlimmsten Fall k\u00f6nnen Sie sich immer noch auf das Fastfood-Restaurant an der Ecke verlassen, um Ihren Bedarf an Kalorien aller Art zu decken. Auf eigene Gefahr!<\/p>\n<p>Beachten Sie, dass Sie, wenn Sie ein Hotelzimmer nehmen, oft Fr\u00fchst\u00fcck, Mittag- und Abendessen im Zimmerpreis inbegriffen finden, was n\u00fctzlich sein kann, wenn Sie mehrere Tage am selben Ort bleiben.<\/p>\n<p>Wenn Sie mit dem Auto durch die Weiten der USA fahren, kann es manchmal sehr lange dauern, bis Sie einen Platz zum Essen finden.<\/p>\n<h2>Tipps und Tricks<\/h2>\n<p>Es ist ratsam, sich eine K\u00fchlbox zu besorgen, wenn Sie sich f\u00fcr eine weite Reise entscheiden oder sich die Dienste eines Restaurants oder Lebensmittelgesch\u00e4fts nicht leisten k\u00f6nnen. Dadurch k\u00f6nnen Sie sich ausgewogener ern\u00e4hren als der Durchschnittsamerikaner, und das zu einem niedrigeren Preis. Besorgen Sie sich Eis und decken Sie sich im n\u00e4chsten Supermarkt mit allem ein, was Sie brauchen: Obst, Gem\u00fcse, Milch etc. Mit ein wenig Fantasie sollten Sie insbesondere jede Art von Salat zubereiten k\u00f6nnen.<\/p>\n<p>Bei Schwierigkeiten oder langen Strecken au\u00dferhalb der St\u00e4dte kann Ihnen auch die Option Picknick mit Dosennahrung aushelfen.<\/p>\n<p>Ebenfalls n\u00fctzlich ist, dass es in den USA \u00fcberall Salatbars gibt. Das sind Regale mit frischen Salaten mit einem Dressing Ihrer Wahl, die Sie mit Brot und K\u00e4se essen k\u00f6nnen, wenn Sie Lust dazu haben. Es gibt auch sehr viele Ketten, die je nach ihrer Spezialisierung verschiedene Lebensmittel anbieten.<\/p>\n<p>Wie Sie sehen k\u00f6nnen, ist es m\u00f6glich, in den USA alles zu finden, was Ihnen gef\u00e4llt. Und das, obwohl es bei einem Auslandsaufenthalt ratsam ist, nicht zu viele Erwartungen zu haben. Die \u00dcberraschungen werden dadurch noch besser!<\/p>\n","protected":false},"excerpt":{"rendered":"<p>Mit \u00fcber 320 Millionen Einwohnern herrscht in den USA nicht gerade ein Mangel an Lebensmitteln. Das Land ist \u00fcbrigens leider f\u00fcr die Fettleibigkeit eines Gro\u00dfteils seiner Bev\u00f6lkerung bekannt. Wie kann man in den USA gut essen? In den USA ist es immer sehr einfach, eine gro\u00dfe Auswahl an verschiedenen Restaurants und Fast-Food-Restaurants zu finden. In [&hellip;]<\/p>\n","protected":false},"author":1,"featured_media":0,"parent":0,"menu_order":0,"comment_status":"closed","ping_status":"closed","template":"","meta":{"site-sidebar-layout":"default","site-content-layout":"default","ast-site-content-layout":"default","site-content-style":"default","site-sidebar-style":"default","ast-global-header-display":"","ast-banner-title-visibility":"","ast-main-header-display":"","ast-hfb-above-header-display":"","ast-hfb-below-header-display":"","ast-hfb-mobile-header-display":"","site-post-title":"","ast-breadcrumbs-content":"","ast-featured-img":"","footer-sml-layout":"","ast-disable-related-posts":"","theme-transparent-header-meta":"default","adv-header-id-meta":"","stick-header-meta":"default","header-above-stick-meta":"","header-main-stick-meta":"","header-below-stick-meta":"","astra-migrate-meta-layouts":"default","ast-page-background-enabled":"default","ast-page-background-meta":{"desktop":{"background-color":"","background-image":"","background-repeat":"repeat","background-position":"center center","background-size":"auto","background-attachment":"scroll","background-type":"","background-media":"","overlay-type":"","overlay-color":"","overlay-opacity":"","overlay-gradient":""},"tablet":{"background-color":"","background-image":"","background-repeat":"repeat","background-position":"center center","background-size":"auto","background-attachment":"scroll","background-type":"","background-media":"","overlay-type":"","overlay-color":"","overlay-opacity":"","overlay-gradient":""},"mobile":{"background-color":"","background-image":"","background-repeat":"repeat","background-position":"center center","background-size":"auto","background-attachment":"scroll","background-type":"","background-media":"","overlay-type":"","overlay-color":"","overlay-opacity":"","overlay-gradient":""}},"ast-content-background-meta":{"desktop":{"background-color":"var(--ast-global-color-5)","background-image":"","background-repeat":"repeat","background-position":"center center","background-size":"auto","background-attachment":"scroll","background-type":"","background-media":"","overlay-type":"","overlay-color":"","overlay-opacity":"","overlay-gradient":""},"tablet":{"background-color":"var(--ast-global-color-5)","background-image":"","background-repeat":"repeat","background-position":"center center","background-size":"auto","background-attachment":"scroll","background-type":"","background-media":"","overlay-type":"","overlay-color":"","overlay-opacity":"","overlay-gradient":""},"mobile":{"background-color":"var(--ast-global-color-5)","background-image":"","background-repeat":"repeat","background-position":"center center","background-size":"auto","background-attachment":"scroll","background-type":"","background-media":"","overlay-type":"","overlay-color":"","overlay-opacity":"","overlay-gradient":""}},"footnotes":""},"class_list":["post-2142","page","type-page","status-publish","hentry"],"yoast_head":"<!-- This site is optimized with the Yoast SEO plugin v27.1.1 - https:\/\/yoast.com\/product\/yoast-seo-wordpress\/ -->\n<title>Unsere Tipps f\u00fcr die richtige Wahl des Essens nach einem Aufenthalt in den USA<\/title>\n<meta name=\"description\" content=\"Erfahren Sie mehr \u00fcber Restaurants in den USA sowie \u00fcber kulinarische Spezialit\u00e4ten und Tipps und Tricks f\u00fcr gutes Essen.\" \/>\n<meta name=\"robots\" content=\"index, follow, max-snippet:-1, max-image-preview:large, max-video-preview:-1\" \/>\n<link rel=\"canonical\" href=\"https:\/\/123-esta.com\/de\/nahrungsmittel-usa-machen-die-gute-wahl\/\" \/>\n<meta property=\"og:locale\" content=\"de_DE\" \/>\n<meta property=\"og:type\" content=\"article\" \/>\n<meta property=\"og:title\" content=\"Unsere Tipps f\u00fcr die richtige Wahl des Essens nach einem Aufenthalt in den USA\" \/>\n<meta property=\"og:description\" content=\"Erfahren Sie mehr \u00fcber Restaurants in den USA sowie \u00fcber kulinarische Spezialit\u00e4ten und Tipps und Tricks f\u00fcr gutes Essen.\" \/>\n<meta property=\"og:url\" content=\"https:\/\/123-esta.com\/de\/nahrungsmittel-usa-machen-die-gute-wahl\/\" \/>\n<meta property=\"og:site_name\" content=\"Formulaire ESTA pour les USA\" \/>\n<meta property=\"article:modified_time\" content=\"2022-09-23T09:16:36+00:00\" \/>\n<meta name=\"twitter:card\" content=\"summary_large_image\" \/>\n<meta name=\"twitter:label1\" content=\"Gesch\u00e4tzte Lesezeit\" \/>\n\t<meta name=\"twitter:data1\" content=\"2\u00a0Minuten\" \/>\n<script type=\"application\/ld+json\" class=\"yoast-schema-graph\">{\"@context\":\"https:\/\/schema.org\",\"@graph\":[{\"@type\":\"WebPage\",\"@id\":\"https:\/\/123-esta.com\/de\/nahrungsmittel-usa-machen-die-gute-wahl\/\",\"url\":\"https:\/\/123-esta.com\/de\/nahrungsmittel-usa-machen-die-gute-wahl\/\",\"name\":\"Unsere Tipps f\u00fcr die richtige Wahl des Essens nach einem Aufenthalt in den USA\",\"isPartOf\":{\"@id\":\"https:\/\/123-esta.com\/de\/#website\"},\"datePublished\":\"2022-07-27T19:32:41+00:00\",\"dateModified\":\"2022-09-23T09:16:36+00:00\",\"description\":\"Erfahren Sie mehr \u00fcber Restaurants in den USA sowie \u00fcber kulinarische Spezialit\u00e4ten und Tipps und Tricks f\u00fcr gutes Essen.\",\"inLanguage\":\"de\",\"potentialAction\":[{\"@type\":\"ReadAction\",\"target\":[\"https:\/\/123-esta.com\/de\/nahrungsmittel-usa-machen-die-gute-wahl\/\"]}]},{\"@type\":\"WebSite\",\"@id\":\"https:\/\/123-esta.com\/de\/#website\",\"url\":\"https:\/\/123-esta.com\/de\/\",\"name\":\"Formulaire ESTA pour les USA\",\"description\":\"\",\"publisher\":{\"@id\":\"https:\/\/123-esta.com\/de\/#organization\"},\"potentialAction\":[{\"@type\":\"SearchAction\",\"target\":{\"@type\":\"EntryPoint\",\"urlTemplate\":\"https:\/\/123-esta.com\/de\/?s={search_term_string}\"},\"query-input\":{\"@type\":\"PropertyValueSpecification\",\"valueRequired\":true,\"valueName\":\"search_term_string\"}}],\"inLanguage\":\"de\"},{\"@type\":\"Organization\",\"@id\":\"https:\/\/123-esta.com\/de\/#organization\",\"name\":\"Formulaire ESTA pour les USA\",\"url\":\"https:\/\/123-esta.com\/de\/\",\"logo\":{\"@type\":\"ImageObject\",\"inLanguage\":\"de\",\"@id\":\"https:\/\/123-esta.com\/de\/#\/schema\/logo\/image\/\",\"url\":\"https:\/\/123-esta.com\/wp-content\/uploads\/2018\/03\/logo-123-esta.png\",\"contentUrl\":\"https:\/\/123-esta.com\/wp-content\/uploads\/2018\/03\/logo-123-esta.png\",\"width\":191,\"height\":54,\"caption\":\"Formulaire ESTA pour les USA\"},\"image\":{\"@id\":\"https:\/\/123-esta.com\/de\/#\/schema\/logo\/image\/\"}}]}<\/script>\n<!-- \/ Yoast SEO plugin. -->","yoast_head_json":{"title":"Unsere Tipps f\u00fcr die richtige Wahl des Essens nach einem Aufenthalt in den USA","description":"Erfahren Sie mehr \u00fcber Restaurants in den USA sowie \u00fcber kulinarische Spezialit\u00e4ten und Tipps und Tricks f\u00fcr gutes Essen.","robots":{"index":"index","follow":"follow","max-snippet":"max-snippet:-1","max-image-preview":"max-image-preview:large","max-video-preview":"max-video-preview:-1"},"canonical":"https:\/\/123-esta.com\/de\/nahrungsmittel-usa-machen-die-gute-wahl\/","og_locale":"de_DE","og_type":"article","og_title":"Unsere Tipps f\u00fcr die richtige Wahl des Essens nach einem Aufenthalt in den USA","og_description":"Erfahren Sie mehr \u00fcber Restaurants in den USA sowie \u00fcber kulinarische Spezialit\u00e4ten und Tipps und Tricks f\u00fcr gutes Essen.","og_url":"https:\/\/123-esta.com\/de\/nahrungsmittel-usa-machen-die-gute-wahl\/","og_site_name":"Formulaire ESTA pour les USA","article_modified_time":"2022-09-23T09:16:36+00:00","twitter_card":"summary_large_image","twitter_misc":{"Gesch\u00e4tzte Lesezeit":"2\u00a0Minuten"},"schema":{"@context":"https:\/\/schema.org","@graph":[{"@type":"WebPage","@id":"https:\/\/123-esta.com\/de\/nahrungsmittel-usa-machen-die-gute-wahl\/","url":"https:\/\/123-esta.com\/de\/nahrungsmittel-usa-machen-die-gute-wahl\/","name":"Unsere Tipps f\u00fcr die richtige Wahl des Essens nach einem Aufenthalt in den USA","isPartOf":{"@id":"https:\/\/123-esta.com\/de\/#website"},"datePublished":"2022-07-27T19:32:41+00:00","dateModified":"2022-09-23T09:16:36+00:00","description":"Erfahren Sie mehr \u00fcber Restaurants in den USA sowie \u00fcber kulinarische Spezialit\u00e4ten und Tipps und Tricks f\u00fcr gutes Essen.","inLanguage":"de","potentialAction":[{"@type":"ReadAction","target":["https:\/\/123-esta.com\/de\/nahrungsmittel-usa-machen-die-gute-wahl\/"]}]},{"@type":"WebSite","@id":"https:\/\/123-esta.com\/de\/#website","url":"https:\/\/123-esta.com\/de\/","name":"Formulaire ESTA pour les USA","description":"","publisher":{"@id":"https:\/\/123-esta.com\/de\/#organization"},"potentialAction":[{"@type":"SearchAction","target":{"@type":"EntryPoint","urlTemplate":"https:\/\/123-esta.com\/de\/?s={search_term_string}"},"query-input":{"@type":"PropertyValueSpecification","valueRequired":true,"valueName":"search_term_string"}}],"inLanguage":"de"},{"@type":"Organization","@id":"https:\/\/123-esta.com\/de\/#organization","name":"Formulaire ESTA pour les USA","url":"https:\/\/123-esta.com\/de\/","logo":{"@type":"ImageObject","inLanguage":"de","@id":"https:\/\/123-esta.com\/de\/#\/schema\/logo\/image\/","url":"https:\/\/123-esta.com\/wp-content\/uploads\/2018\/03\/logo-123-esta.png","contentUrl":"https:\/\/123-esta.com\/wp-content\/uploads\/2018\/03\/logo-123-esta.png","width":191,"height":54,"caption":"Formulaire ESTA pour les USA"},"image":{"@id":"https:\/\/123-esta.com\/de\/#\/schema\/logo\/image\/"}}]}},"_links":{"self":[{"href":"https:\/\/123-esta.com\/de\/wp-json\/wp\/v2\/pages\/2142","targetHints":{"allow":["GET"]}}],"collection":[{"href":"https:\/\/123-esta.com\/de\/wp-json\/wp\/v2\/pages"}],"about":[{"href":"https:\/\/123-esta.com\/de\/wp-json\/wp\/v2\/types\/page"}],"author":[{"embeddable":true,"href":"https:\/\/123-esta.com\/de\/wp-json\/wp\/v2\/users\/1"}],"replies":[{"embeddable":true,"href":"https:\/\/123-esta.com\/de\/wp-json\/wp\/v2\/comments?post=2142"}],"version-history":[{"count":0,"href":"https:\/\/123-esta.com\/de\/wp-json\/wp\/v2\/pages\/2142\/revisions"}],"wp:attachment":[{"href":"https:\/\/123-esta.com\/de\/wp-json\/wp\/v2\/media?parent=2142"}],"curies":[{"name":"wp","href":"https:\/\/api.w.org\/{rel}","templated":true}]}}