{"id":2140,"date":"2022-07-27T21:32:41","date_gmt":"2022-07-27T19:32:41","guid":{"rendered":"https:\/\/123-esta.com\/die-amerikanische-kueche\/"},"modified":"2022-08-23T23:31:15","modified_gmt":"2022-08-23T21:31:15","slug":"die-amerikanische-kueche","status":"publish","type":"page","link":"https:\/\/123-esta.com\/de\/die-amerikanische-kueche\/","title":{"rendered":"Die amerikanische K\u00fcche &#8211; ein Muss auf Ihrer Reise"},"content":{"rendered":"\n<p>Die amerikanische K\u00fcche leidet weltweit unter einer unverdienten Unbekanntheit. Unwissenheit, weil f\u00fcr Laien, die an amerikanische K\u00fcche denken, Frittiertes und Junkfood im Spiel sind. Die Globalisierung des amerikanischen Fastfoods hat eine negative Rolle in dem gespielt, was wir derzeit glauben, \u00fcber die amerikanische Gastronomie zu wissen und zu kennen. Doch wenn Sie <a href=\"https:\/\/123-esta.com\/de\/tipps-fuer-reisen-in-die-usa\/\">unsere Tipps zu den USA<\/a> befolgen, k\u00f6nnen Sie das richtige Essen f\u00fcr sich finden.<\/p>\n\n<p>Bevor wir weitergehen, sei zu Recht darauf hingewiesen, dass Fastfood erst Anfang der 1940er Jahre, genauer gesagt 1937, mit der Gr\u00fcndung des multinationalen McDonalds demokratisiert wurde. Dagegen ist die amerikanische K\u00fcche schon \u00e4lter. In Wikipedia erfahren wir, dass die traditionellen Rezepte der amerikanischen Ureinwohner heutzutage gut geh\u00fctet werden und als amerikanisches Kulturerbe gelten.<\/p>\n\n<h2 class=\"wp-block-heading\">Die amerikanische Gastronomie<\/h2>\n\n<p>Die Gr\u00f6\u00dfe der Vereinigten Staaten spiegelt sich im Reichtum und der Vielfalt ihrer Kultur wider. Jeder Bundesstaat hat seine eigene Kultur, die ihn von anderen unterscheidet, und so ist es auch mit der amerikanischen K\u00fcche. Auf den ersten Blick wirkt sie wie eine perfekte Zusammenstellung der kulinarischen F\u00e4higkeiten der Einwanderer, die seit dem 16. Jahrhundert ins Land kamen.<\/p>\n\n<p><a href=\"https:\/\/123-esta.com\/de\/nahrungsmittel-usa-machen-die-gute-wahl\/\">Einige amerikanische Spezialit\u00e4ten<\/a>, wie der sehr ber\u00fchmte Hamburger, wurden nicht von Amerikanern erfunden. Egal, die Amerikaner widmen ihm immerhin einen nationalen Tag (den 28. Mai).<\/p>\n\n<p>Jeder Bundesstaat der USA hat seine eigene Spezialit\u00e4t, und so wurden bestimmte Gerichte popul\u00e4r und zu einer eigenst\u00e4ndigen amerikanischen Spezialit\u00e4t. In der s\u00fc\u00dfen Abteilung gibt es Pancakes, Donuts, Brownies, Muffins usw., in der herzhaften Abteilung Hackbraten mit Speck, Steak and Egg, Maine Lobster Roll (ein Hotdog-Brot mit Hummer, Gem\u00fcse und einer guten So\u00dfe), Chili con Carne, Mac and Cheese und nicht zu vergessen den Hotdog.<\/p>\n\n<h2 class=\"wp-block-heading\">Die ber\u00fchmten amerikanischen Fast-Food-Restaurants<\/h2>\n\n<p>Nachdem wir Sie dazu gebracht haben, die ignorierte Seite der amerikanischen K\u00fcche zu vermuten, wollen wir einen kurzen Blick auf die ber\u00fchmten Fast-Food-Restaurants werfen, die der Welt bekannt geworden sind.<\/p>\n\n<p>Wir haben es gerade gesagt: Der Hamburger ist nicht amerikanisch, aber die USA haben ihn perfektioniert und sich sogar zu eigen gemacht. Es gibt mehrere amerikanische Fast-Food-Marken, von denen sich die meisten bislang in Europa verbreitet haben: McDonald&#8217;s, Burger King, Denny&#8217;s, Taco Bell, Pizza Hut, KFC etc. Die Liste ist lang.<\/p>\n\n<p>In diesen Gesch\u00e4ften werden Ihnen gro\u00dfz\u00fcgige Portionen k\u00f6stlicher Speisen serviert, die sich geschmacklich ein wenig von den heimischen Filialen unterscheiden. Seien Sie versichert, dass jeder dem Risiko ausgesetzt ist, im Urlaub ein paar Kilo zuzunehmen, egal wohin Sie reisen. In den USA ein oder zwei Burger zu essen, wird Ihnen nicht schaden. Andererseits k\u00f6nnte es Ihrer Gesundheit schaden, wenn Sie nur das essen, selbst hier in Frankreich. Es ist schwer, dem Hotdog-Verk\u00e4ufer am Time Square zu widerstehen. Es ist auf jeden Fall einen Besuch wert, wenn man durch New York reist.<\/p>\n","protected":false},"excerpt":{"rendered":"<p>Die amerikanische K\u00fcche leidet weltweit unter einer unverdienten Unbekanntheit. Unwissenheit, weil f\u00fcr Laien, die an amerikanische K\u00fcche denken, Frittiertes und Junkfood im Spiel sind. Die Globalisierung des amerikanischen Fastfoods hat eine negative Rolle in dem gespielt, was wir derzeit glauben, \u00fcber die amerikanische Gastronomie zu wissen und zu kennen. Doch wenn Sie unsere Tipps zu [&hellip;]<\/p>\n","protected":false},"author":1,"featured_media":0,"parent":0,"menu_order":0,"comment_status":"closed","ping_status":"closed","template":"","meta":{"site-sidebar-layout":"default","site-content-layout":"default","ast-site-content-layout":"default","site-content-style":"default","site-sidebar-style":"default","ast-global-header-display":"","ast-banner-title-visibility":"","ast-main-header-display":"","ast-hfb-above-header-display":"","ast-hfb-below-header-display":"","ast-hfb-mobile-header-display":"","site-post-title":"","ast-breadcrumbs-content":"","ast-featured-img":"","footer-sml-layout":"","ast-disable-related-posts":"","theme-transparent-header-meta":"default","adv-header-id-meta":"","stick-header-meta":"default","header-above-stick-meta":"","header-main-stick-meta":"","header-below-stick-meta":"","astra-migrate-meta-layouts":"default","ast-page-background-enabled":"default","ast-page-background-meta":{"desktop":{"background-color":"","background-image":"","background-repeat":"repeat","background-position":"center center","background-size":"auto","background-attachment":"scroll","background-type":"","background-media":"","overlay-type":"","overlay-color":"","overlay-opacity":"","overlay-gradient":""},"tablet":{"background-color":"","background-image":"","background-repeat":"repeat","background-position":"center center","background-size":"auto","background-attachment":"scroll","background-type":"","background-media":"","overlay-type":"","overlay-color":"","overlay-opacity":"","overlay-gradient":""},"mobile":{"background-color":"","background-image":"","background-repeat":"repeat","background-position":"center center","background-size":"auto","background-attachment":"scroll","background-type":"","background-media":"","overlay-type":"","overlay-color":"","overlay-opacity":"","overlay-gradient":""}},"ast-content-background-meta":{"desktop":{"background-color":"var(--ast-global-color-5)","background-image":"","background-repeat":"repeat","background-position":"center center","background-size":"auto","background-attachment":"scroll","background-type":"","background-media":"","overlay-type":"","overlay-color":"","overlay-opacity":"","overlay-gradient":""},"tablet":{"background-color":"var(--ast-global-color-5)","background-image":"","background-repeat":"repeat","background-position":"center center","background-size":"auto","background-attachment":"scroll","background-type":"","background-media":"","overlay-type":"","overlay-color":"","overlay-opacity":"","overlay-gradient":""},"mobile":{"background-color":"var(--ast-global-color-5)","background-image":"","background-repeat":"repeat","background-position":"center center","background-size":"auto","background-attachment":"scroll","background-type":"","background-media":"","overlay-type":"","overlay-color":"","overlay-opacity":"","overlay-gradient":""}},"footnotes":""},"class_list":["post-2140","page","type-page","status-publish","hentry"],"yoast_head":"<!-- This site is optimized with the Yoast SEO plugin v27.1.1 - https:\/\/yoast.com\/product\/yoast-seo-wordpress\/ -->\n<title>Die amerikanische K\u00fcche - eine un\u00fcbersehbare Entdeckung<\/title>\n<meta name=\"description\" content=\"Hier finden Sie eine kleine Tour durch die amerikanische K\u00fcche und den kulinarischen Reichtum der USA. Auch amerikanische Fast-Food-Restaurants werden thematisiert.\" \/>\n<meta name=\"robots\" content=\"index, follow, max-snippet:-1, max-image-preview:large, max-video-preview:-1\" \/>\n<link rel=\"canonical\" href=\"https:\/\/123-esta.com\/de\/die-amerikanische-kueche\/\" \/>\n<meta property=\"og:locale\" content=\"de_DE\" \/>\n<meta property=\"og:type\" content=\"article\" \/>\n<meta property=\"og:title\" content=\"Die amerikanische K\u00fcche - eine un\u00fcbersehbare Entdeckung\" \/>\n<meta property=\"og:description\" content=\"Hier finden Sie eine kleine Tour durch die amerikanische K\u00fcche und den kulinarischen Reichtum der USA. Auch amerikanische Fast-Food-Restaurants werden thematisiert.\" \/>\n<meta property=\"og:url\" content=\"https:\/\/123-esta.com\/de\/die-amerikanische-kueche\/\" \/>\n<meta property=\"og:site_name\" content=\"Formulaire ESTA pour les USA\" \/>\n<meta property=\"article:modified_time\" content=\"2022-08-23T21:31:15+00:00\" \/>\n<meta name=\"twitter:card\" content=\"summary_large_image\" \/>\n<meta name=\"twitter:label1\" content=\"Gesch\u00e4tzte Lesezeit\" \/>\n\t<meta name=\"twitter:data1\" content=\"2\u00a0Minuten\" \/>\n<script type=\"application\/ld+json\" class=\"yoast-schema-graph\">{\"@context\":\"https:\/\/schema.org\",\"@graph\":[{\"@type\":\"WebPage\",\"@id\":\"https:\/\/123-esta.com\/de\/die-amerikanische-kueche\/\",\"url\":\"https:\/\/123-esta.com\/de\/die-amerikanische-kueche\/\",\"name\":\"Die amerikanische K\u00fcche - eine un\u00fcbersehbare Entdeckung\",\"isPartOf\":{\"@id\":\"https:\/\/123-esta.com\/de\/#website\"},\"datePublished\":\"2022-07-27T19:32:41+00:00\",\"dateModified\":\"2022-08-23T21:31:15+00:00\",\"description\":\"Hier finden Sie eine kleine Tour durch die amerikanische K\u00fcche und den kulinarischen Reichtum der USA. Auch amerikanische Fast-Food-Restaurants werden thematisiert.\",\"inLanguage\":\"de\",\"potentialAction\":[{\"@type\":\"ReadAction\",\"target\":[\"https:\/\/123-esta.com\/de\/die-amerikanische-kueche\/\"]}]},{\"@type\":\"WebSite\",\"@id\":\"https:\/\/123-esta.com\/de\/#website\",\"url\":\"https:\/\/123-esta.com\/de\/\",\"name\":\"Formulaire ESTA pour les USA\",\"description\":\"\",\"publisher\":{\"@id\":\"https:\/\/123-esta.com\/de\/#organization\"},\"potentialAction\":[{\"@type\":\"SearchAction\",\"target\":{\"@type\":\"EntryPoint\",\"urlTemplate\":\"https:\/\/123-esta.com\/de\/?s={search_term_string}\"},\"query-input\":{\"@type\":\"PropertyValueSpecification\",\"valueRequired\":true,\"valueName\":\"search_term_string\"}}],\"inLanguage\":\"de\"},{\"@type\":\"Organization\",\"@id\":\"https:\/\/123-esta.com\/de\/#organization\",\"name\":\"Formulaire ESTA pour les USA\",\"url\":\"https:\/\/123-esta.com\/de\/\",\"logo\":{\"@type\":\"ImageObject\",\"inLanguage\":\"de\",\"@id\":\"https:\/\/123-esta.com\/de\/#\/schema\/logo\/image\/\",\"url\":\"https:\/\/123-esta.com\/wp-content\/uploads\/2018\/03\/logo-123-esta.png\",\"contentUrl\":\"https:\/\/123-esta.com\/wp-content\/uploads\/2018\/03\/logo-123-esta.png\",\"width\":191,\"height\":54,\"caption\":\"Formulaire ESTA pour les USA\"},\"image\":{\"@id\":\"https:\/\/123-esta.com\/de\/#\/schema\/logo\/image\/\"}}]}<\/script>\n<!-- \/ Yoast SEO plugin. -->","yoast_head_json":{"title":"Die amerikanische K\u00fcche - eine un\u00fcbersehbare Entdeckung","description":"Hier finden Sie eine kleine Tour durch die amerikanische K\u00fcche und den kulinarischen Reichtum der USA. Auch amerikanische Fast-Food-Restaurants werden thematisiert.","robots":{"index":"index","follow":"follow","max-snippet":"max-snippet:-1","max-image-preview":"max-image-preview:large","max-video-preview":"max-video-preview:-1"},"canonical":"https:\/\/123-esta.com\/de\/die-amerikanische-kueche\/","og_locale":"de_DE","og_type":"article","og_title":"Die amerikanische K\u00fcche - eine un\u00fcbersehbare Entdeckung","og_description":"Hier finden Sie eine kleine Tour durch die amerikanische K\u00fcche und den kulinarischen Reichtum der USA. Auch amerikanische Fast-Food-Restaurants werden thematisiert.","og_url":"https:\/\/123-esta.com\/de\/die-amerikanische-kueche\/","og_site_name":"Formulaire ESTA pour les USA","article_modified_time":"2022-08-23T21:31:15+00:00","twitter_card":"summary_large_image","twitter_misc":{"Gesch\u00e4tzte Lesezeit":"2\u00a0Minuten"},"schema":{"@context":"https:\/\/schema.org","@graph":[{"@type":"WebPage","@id":"https:\/\/123-esta.com\/de\/die-amerikanische-kueche\/","url":"https:\/\/123-esta.com\/de\/die-amerikanische-kueche\/","name":"Die amerikanische K\u00fcche - eine un\u00fcbersehbare Entdeckung","isPartOf":{"@id":"https:\/\/123-esta.com\/de\/#website"},"datePublished":"2022-07-27T19:32:41+00:00","dateModified":"2022-08-23T21:31:15+00:00","description":"Hier finden Sie eine kleine Tour durch die amerikanische K\u00fcche und den kulinarischen Reichtum der USA. Auch amerikanische Fast-Food-Restaurants werden thematisiert.","inLanguage":"de","potentialAction":[{"@type":"ReadAction","target":["https:\/\/123-esta.com\/de\/die-amerikanische-kueche\/"]}]},{"@type":"WebSite","@id":"https:\/\/123-esta.com\/de\/#website","url":"https:\/\/123-esta.com\/de\/","name":"Formulaire ESTA pour les USA","description":"","publisher":{"@id":"https:\/\/123-esta.com\/de\/#organization"},"potentialAction":[{"@type":"SearchAction","target":{"@type":"EntryPoint","urlTemplate":"https:\/\/123-esta.com\/de\/?s={search_term_string}"},"query-input":{"@type":"PropertyValueSpecification","valueRequired":true,"valueName":"search_term_string"}}],"inLanguage":"de"},{"@type":"Organization","@id":"https:\/\/123-esta.com\/de\/#organization","name":"Formulaire ESTA pour les USA","url":"https:\/\/123-esta.com\/de\/","logo":{"@type":"ImageObject","inLanguage":"de","@id":"https:\/\/123-esta.com\/de\/#\/schema\/logo\/image\/","url":"https:\/\/123-esta.com\/wp-content\/uploads\/2018\/03\/logo-123-esta.png","contentUrl":"https:\/\/123-esta.com\/wp-content\/uploads\/2018\/03\/logo-123-esta.png","width":191,"height":54,"caption":"Formulaire ESTA pour les USA"},"image":{"@id":"https:\/\/123-esta.com\/de\/#\/schema\/logo\/image\/"}}]}},"_links":{"self":[{"href":"https:\/\/123-esta.com\/de\/wp-json\/wp\/v2\/pages\/2140","targetHints":{"allow":["GET"]}}],"collection":[{"href":"https:\/\/123-esta.com\/de\/wp-json\/wp\/v2\/pages"}],"about":[{"href":"https:\/\/123-esta.com\/de\/wp-json\/wp\/v2\/types\/page"}],"author":[{"embeddable":true,"href":"https:\/\/123-esta.com\/de\/wp-json\/wp\/v2\/users\/1"}],"replies":[{"embeddable":true,"href":"https:\/\/123-esta.com\/de\/wp-json\/wp\/v2\/comments?post=2140"}],"version-history":[{"count":0,"href":"https:\/\/123-esta.com\/de\/wp-json\/wp\/v2\/pages\/2140\/revisions"}],"wp:attachment":[{"href":"https:\/\/123-esta.com\/de\/wp-json\/wp\/v2\/media?parent=2140"}],"curies":[{"name":"wp","href":"https:\/\/api.w.org\/{rel}","templated":true}]}}