{"id":2130,"date":"2022-07-27T21:32:39","date_gmt":"2022-07-27T19:32:39","guid":{"rendered":"https:\/\/123-esta.com\/oder-wechsle-deine-waehrung-in-dollar\/"},"modified":"2022-08-23T22:06:42","modified_gmt":"2022-08-23T20:06:42","slug":"oder-wechsle-deine-wahrung-in-dollar","status":"publish","type":"page","link":"https:\/\/123-esta.com\/de\/oder-wechsle-deine-wahrung-in-dollar\/","title":{"rendered":"Wie und wo man Geld umtauscht, wenn man in die USA reist"},"content":{"rendered":"\n<p>Die in den USA verwendete W\u00e4hrung ist der US-Dollar.<\/p>\n\n<p>Da Sie wahrscheinlich aus einem Land kommen, in dem es diese W\u00e4hrung nicht gibt, m\u00fcssen Sie die W\u00e4hrung umtauschen, vor allem <a href=\"https:\/\/123-esta.com\/de\/tipps-fuer-reisen-in-die-usa\/\">,<\/a> wenn Ihr Heimatland zur Eurozone geh\u00f6rt. Wo und wie kann man Geld umtauschen?<\/p>\n\n<h2 class=\"wp-block-heading\">In einem Flughafen<\/h2>\n\n<p>Ob vor dem Flug oder direkt nach dem Flug, der Umtausch Ihrer W\u00e4hrung kann an jedem Flughafen erfolgen.<\/p>\n\n<p>Wenn Sie k\u00f6nnen, empfehlen wir Ihnen jedoch, sich gr\u00fcndlich \u00fcber die tats\u00e4chlichen Niveaus beim Umtausch der W\u00e4hrung, die Sie wechseln wollen, zu informieren. Denn jedes Mal, wenn ein W\u00e4hrungstausch stattfindet, werden von den Wechselstuben mehr oder weniger hohe Geb\u00fchren erhoben.<\/p>\n\n<p>Und da sie sich ihres &#8217;strategischen&#8216; Vorteils leider bewusst sind, haben Flugh\u00e4fen fast immer h\u00f6here Geb\u00fchren als in der Stadt. Es ist ratsam, bei Ihrer Ankunft am Flughafen nur einen geringen Geldbetrag umzutauschen und den Gro\u00dfteil des W\u00e4hrungsumtauschs erst au\u00dferhalb des Flughafens vorzunehmen, wo die Kurse oft besser sind.<\/p>\n\n<p>Der Kurs muss auch bei einem W\u00e4hrungsumtausch ber\u00fccksichtigt werden. Er kann im Tagesverlauf schwanken. Anhand aller oben genannten Kriterien kann der Reisende den profitabelsten Zeitpunkt f\u00fcr den Umtausch seiner W\u00e4hrung in Dollar festlegen.<\/p>\n\n<h2 class=\"wp-block-heading\">In einer Bank<\/h2>\n\n<p>Der Umtausch von Devisen in Dollar kann auch bei jeder Bank im Heimatland des Reisenden erfolgen. Sie kann am Schalter oder \u00fcber eine sichere Website erfolgen, \u00fcber die einige Banken verf\u00fcgen.<\/p>\n\n<p>Allerdings m\u00fcssen Sie oft mit einer Verz\u00f6gerung rechnen, bis Sie Ihr Geld erhalten, die bis zu zehn Tage betragen kann.<\/p>\n\n<h2 class=\"wp-block-heading\">Einmal in den USA<\/h2>\n\n<p>Wie bereits erl\u00e4utert, kann der Austausch auch nach Ihrer Ankunft in den USA erfolgen.<\/p>\n\n<p>Der Geb\u00fchrenparameter muss noch einmal ber\u00fccksichtigt werden, aber ein W\u00e4hrungsumtausch vor Ort spart Ihnen Zeit und oft auch Geld. Die Geb\u00fchren sind niedriger und der Zinssatz ist besser als bei einer Bank oder an einem Flughafen. Achtung: Die meisten Geldwechselstuben verlangen zur \u00dcberpr\u00fcfung Ihren Reisepass.<\/p>\n\n<h2 class=\"wp-block-heading\">Bankkarten<\/h2>\n\n<p>Bankkarten, insbesondere Visa oder Mastercard, k\u00f6nnen in den meisten L\u00e4ndern verwendet werden.<\/p>\n\n<p>Bei einer Reise in die USA verhindert der Besitz einer dieser beiden Kartenarten, dass Bargeld von einem Land in ein anderes transportiert werden muss. Denn Abhebungen k\u00f6nnen an den meisten \u00f6rtlichen Geldautomaten vorgenommen werden. Der zu ber\u00fccksichtigende Wechselkurs ist der Kurs Ihrer Bank.<\/p>\n\n<h2 class=\"wp-block-heading\">Wie erfolgt der Austausch?<\/h2>\n\n<p>Um eine W\u00e4hrung in Dollar umzutauschen, m\u00fcssen Sie nur den Betrag ausw\u00e4hlen, den Sie umtauschen m\u00f6chten (in der W\u00e4hrung, die Ihnen zur Verf\u00fcgung steht), und den Gegenwert in der US-W\u00e4hrung anhand des Dollarkurses berechnen.<\/p>\n\n<p>Nat\u00fcrlich h\u00e4ngt der Betrag, der dem Reisenden zugesprochen wird, auch von den Kosten ab, die von der Agentur, bei der der Austausch stattgefunden hat, \u00fcbernommen wurden.<\/p>\n","protected":false},"excerpt":{"rendered":"<p>Die in den USA verwendete W\u00e4hrung ist der US-Dollar. Da Sie wahrscheinlich aus einem Land kommen, in dem es diese W\u00e4hrung nicht gibt, m\u00fcssen Sie die W\u00e4hrung umtauschen, vor allem , wenn Ihr Heimatland zur Eurozone geh\u00f6rt. Wo und wie kann man Geld umtauschen? In einem Flughafen Ob vor dem Flug oder direkt nach dem [&hellip;]<\/p>\n","protected":false},"author":1,"featured_media":0,"parent":0,"menu_order":0,"comment_status":"closed","ping_status":"closed","template":"","meta":{"site-sidebar-layout":"default","site-content-layout":"default","ast-site-content-layout":"default","site-content-style":"default","site-sidebar-style":"default","ast-global-header-display":"","ast-banner-title-visibility":"","ast-main-header-display":"","ast-hfb-above-header-display":"","ast-hfb-below-header-display":"","ast-hfb-mobile-header-display":"","site-post-title":"","ast-breadcrumbs-content":"","ast-featured-img":"","footer-sml-layout":"","ast-disable-related-posts":"","theme-transparent-header-meta":"default","adv-header-id-meta":"","stick-header-meta":"default","header-above-stick-meta":"","header-main-stick-meta":"","header-below-stick-meta":"","astra-migrate-meta-layouts":"default","ast-page-background-enabled":"default","ast-page-background-meta":{"desktop":{"background-color":"","background-image":"","background-repeat":"repeat","background-position":"center center","background-size":"auto","background-attachment":"scroll","background-type":"","background-media":"","overlay-type":"","overlay-color":"","overlay-opacity":"","overlay-gradient":""},"tablet":{"background-color":"","background-image":"","background-repeat":"repeat","background-position":"center center","background-size":"auto","background-attachment":"scroll","background-type":"","background-media":"","overlay-type":"","overlay-color":"","overlay-opacity":"","overlay-gradient":""},"mobile":{"background-color":"","background-image":"","background-repeat":"repeat","background-position":"center center","background-size":"auto","background-attachment":"scroll","background-type":"","background-media":"","overlay-type":"","overlay-color":"","overlay-opacity":"","overlay-gradient":""}},"ast-content-background-meta":{"desktop":{"background-color":"var(--ast-global-color-5)","background-image":"","background-repeat":"repeat","background-position":"center center","background-size":"auto","background-attachment":"scroll","background-type":"","background-media":"","overlay-type":"","overlay-color":"","overlay-opacity":"","overlay-gradient":""},"tablet":{"background-color":"var(--ast-global-color-5)","background-image":"","background-repeat":"repeat","background-position":"center center","background-size":"auto","background-attachment":"scroll","background-type":"","background-media":"","overlay-type":"","overlay-color":"","overlay-opacity":"","overlay-gradient":""},"mobile":{"background-color":"var(--ast-global-color-5)","background-image":"","background-repeat":"repeat","background-position":"center center","background-size":"auto","background-attachment":"scroll","background-type":"","background-media":"","overlay-type":"","overlay-color":"","overlay-opacity":"","overlay-gradient":""}},"footnotes":""},"class_list":["post-2130","page","type-page","status-publish","hentry"],"yoast_head":"<!-- This site is optimized with the Yoast SEO plugin v27.1.1 - https:\/\/yoast.com\/product\/yoast-seo-wordpress\/ -->\n<title>Wie wechselt man sein Geld in US-Dollar?<\/title>\n<meta name=\"description\" content=\"Werden Sie in K\u00fcrze in die USA reisen? Befolgen Sie unsere Tipps zum Umtausch Ihrer Euros in US-Dollar: Wie, wann und wo? Unsere Antworten!\" \/>\n<meta name=\"robots\" content=\"index, follow, max-snippet:-1, max-image-preview:large, max-video-preview:-1\" \/>\n<link rel=\"canonical\" href=\"https:\/\/123-esta.com\/de\/oder-wechsle-deine-wahrung-in-dollar\/\" \/>\n<meta property=\"og:locale\" content=\"de_DE\" \/>\n<meta property=\"og:type\" content=\"article\" \/>\n<meta property=\"og:title\" content=\"Wie wechselt man sein Geld in US-Dollar?\" \/>\n<meta property=\"og:description\" content=\"Werden Sie in K\u00fcrze in die USA reisen? Befolgen Sie unsere Tipps zum Umtausch Ihrer Euros in US-Dollar: Wie, wann und wo? Unsere Antworten!\" \/>\n<meta property=\"og:url\" content=\"https:\/\/123-esta.com\/de\/oder-wechsle-deine-wahrung-in-dollar\/\" \/>\n<meta property=\"og:site_name\" content=\"Formulaire ESTA pour les USA\" \/>\n<meta property=\"article:modified_time\" content=\"2022-08-23T20:06:42+00:00\" \/>\n<meta name=\"twitter:card\" content=\"summary_large_image\" \/>\n<meta name=\"twitter:label1\" content=\"Gesch\u00e4tzte Lesezeit\" \/>\n\t<meta name=\"twitter:data1\" content=\"2\u00a0Minuten\" \/>\n<script type=\"application\/ld+json\" class=\"yoast-schema-graph\">{\"@context\":\"https:\/\/schema.org\",\"@graph\":[{\"@type\":\"WebPage\",\"@id\":\"https:\/\/123-esta.com\/de\/oder-wechsle-deine-wahrung-in-dollar\/\",\"url\":\"https:\/\/123-esta.com\/de\/oder-wechsle-deine-wahrung-in-dollar\/\",\"name\":\"Wie wechselt man sein Geld in US-Dollar?\",\"isPartOf\":{\"@id\":\"https:\/\/123-esta.com\/de\/#website\"},\"datePublished\":\"2022-07-27T19:32:39+00:00\",\"dateModified\":\"2022-08-23T20:06:42+00:00\",\"description\":\"Werden Sie in K\u00fcrze in die USA reisen? Befolgen Sie unsere Tipps zum Umtausch Ihrer Euros in US-Dollar: Wie, wann und wo? Unsere Antworten!\",\"inLanguage\":\"de\",\"potentialAction\":[{\"@type\":\"ReadAction\",\"target\":[\"https:\/\/123-esta.com\/de\/oder-wechsle-deine-wahrung-in-dollar\/\"]}]},{\"@type\":\"WebSite\",\"@id\":\"https:\/\/123-esta.com\/de\/#website\",\"url\":\"https:\/\/123-esta.com\/de\/\",\"name\":\"Formulaire ESTA pour les USA\",\"description\":\"\",\"publisher\":{\"@id\":\"https:\/\/123-esta.com\/de\/#organization\"},\"potentialAction\":[{\"@type\":\"SearchAction\",\"target\":{\"@type\":\"EntryPoint\",\"urlTemplate\":\"https:\/\/123-esta.com\/de\/?s={search_term_string}\"},\"query-input\":{\"@type\":\"PropertyValueSpecification\",\"valueRequired\":true,\"valueName\":\"search_term_string\"}}],\"inLanguage\":\"de\"},{\"@type\":\"Organization\",\"@id\":\"https:\/\/123-esta.com\/de\/#organization\",\"name\":\"Formulaire ESTA pour les USA\",\"url\":\"https:\/\/123-esta.com\/de\/\",\"logo\":{\"@type\":\"ImageObject\",\"inLanguage\":\"de\",\"@id\":\"https:\/\/123-esta.com\/de\/#\/schema\/logo\/image\/\",\"url\":\"https:\/\/123-esta.com\/wp-content\/uploads\/2018\/03\/logo-123-esta.png\",\"contentUrl\":\"https:\/\/123-esta.com\/wp-content\/uploads\/2018\/03\/logo-123-esta.png\",\"width\":191,\"height\":54,\"caption\":\"Formulaire ESTA pour les USA\"},\"image\":{\"@id\":\"https:\/\/123-esta.com\/de\/#\/schema\/logo\/image\/\"}}]}<\/script>\n<!-- \/ Yoast SEO plugin. -->","yoast_head_json":{"title":"Wie wechselt man sein Geld in US-Dollar?","description":"Werden Sie in K\u00fcrze in die USA reisen? Befolgen Sie unsere Tipps zum Umtausch Ihrer Euros in US-Dollar: Wie, wann und wo? Unsere Antworten!","robots":{"index":"index","follow":"follow","max-snippet":"max-snippet:-1","max-image-preview":"max-image-preview:large","max-video-preview":"max-video-preview:-1"},"canonical":"https:\/\/123-esta.com\/de\/oder-wechsle-deine-wahrung-in-dollar\/","og_locale":"de_DE","og_type":"article","og_title":"Wie wechselt man sein Geld in US-Dollar?","og_description":"Werden Sie in K\u00fcrze in die USA reisen? Befolgen Sie unsere Tipps zum Umtausch Ihrer Euros in US-Dollar: Wie, wann und wo? Unsere Antworten!","og_url":"https:\/\/123-esta.com\/de\/oder-wechsle-deine-wahrung-in-dollar\/","og_site_name":"Formulaire ESTA pour les USA","article_modified_time":"2022-08-23T20:06:42+00:00","twitter_card":"summary_large_image","twitter_misc":{"Gesch\u00e4tzte Lesezeit":"2\u00a0Minuten"},"schema":{"@context":"https:\/\/schema.org","@graph":[{"@type":"WebPage","@id":"https:\/\/123-esta.com\/de\/oder-wechsle-deine-wahrung-in-dollar\/","url":"https:\/\/123-esta.com\/de\/oder-wechsle-deine-wahrung-in-dollar\/","name":"Wie wechselt man sein Geld in US-Dollar?","isPartOf":{"@id":"https:\/\/123-esta.com\/de\/#website"},"datePublished":"2022-07-27T19:32:39+00:00","dateModified":"2022-08-23T20:06:42+00:00","description":"Werden Sie in K\u00fcrze in die USA reisen? Befolgen Sie unsere Tipps zum Umtausch Ihrer Euros in US-Dollar: Wie, wann und wo? Unsere Antworten!","inLanguage":"de","potentialAction":[{"@type":"ReadAction","target":["https:\/\/123-esta.com\/de\/oder-wechsle-deine-wahrung-in-dollar\/"]}]},{"@type":"WebSite","@id":"https:\/\/123-esta.com\/de\/#website","url":"https:\/\/123-esta.com\/de\/","name":"Formulaire ESTA pour les USA","description":"","publisher":{"@id":"https:\/\/123-esta.com\/de\/#organization"},"potentialAction":[{"@type":"SearchAction","target":{"@type":"EntryPoint","urlTemplate":"https:\/\/123-esta.com\/de\/?s={search_term_string}"},"query-input":{"@type":"PropertyValueSpecification","valueRequired":true,"valueName":"search_term_string"}}],"inLanguage":"de"},{"@type":"Organization","@id":"https:\/\/123-esta.com\/de\/#organization","name":"Formulaire ESTA pour les USA","url":"https:\/\/123-esta.com\/de\/","logo":{"@type":"ImageObject","inLanguage":"de","@id":"https:\/\/123-esta.com\/de\/#\/schema\/logo\/image\/","url":"https:\/\/123-esta.com\/wp-content\/uploads\/2018\/03\/logo-123-esta.png","contentUrl":"https:\/\/123-esta.com\/wp-content\/uploads\/2018\/03\/logo-123-esta.png","width":191,"height":54,"caption":"Formulaire ESTA pour les USA"},"image":{"@id":"https:\/\/123-esta.com\/de\/#\/schema\/logo\/image\/"}}]}},"_links":{"self":[{"href":"https:\/\/123-esta.com\/de\/wp-json\/wp\/v2\/pages\/2130","targetHints":{"allow":["GET"]}}],"collection":[{"href":"https:\/\/123-esta.com\/de\/wp-json\/wp\/v2\/pages"}],"about":[{"href":"https:\/\/123-esta.com\/de\/wp-json\/wp\/v2\/types\/page"}],"author":[{"embeddable":true,"href":"https:\/\/123-esta.com\/de\/wp-json\/wp\/v2\/users\/1"}],"replies":[{"embeddable":true,"href":"https:\/\/123-esta.com\/de\/wp-json\/wp\/v2\/comments?post=2130"}],"version-history":[{"count":0,"href":"https:\/\/123-esta.com\/de\/wp-json\/wp\/v2\/pages\/2130\/revisions"}],"wp:attachment":[{"href":"https:\/\/123-esta.com\/de\/wp-json\/wp\/v2\/media?parent=2130"}],"curies":[{"name":"wp","href":"https:\/\/api.w.org\/{rel}","templated":true}]}}