{"id":2129,"date":"2022-07-27T21:32:39","date_gmt":"2022-07-27T19:32:39","guid":{"rendered":"https:\/\/123-esta.com\/sprachaufenthalt-mit-esta\/"},"modified":"2022-08-23T23:24:13","modified_gmt":"2022-08-23T21:24:13","slug":"sprachaufenthalt-mit-esta","status":"publish","type":"page","link":"https:\/\/123-esta.com\/de\/sprachaufenthalt-mit-esta\/","title":{"rendered":"Kann die ESTA-Genehmigung auch f\u00fcr einen Sprachaufenthalt verwendet werden?"},"content":{"rendered":"\n<p>Im Rahmen von Sprachreisen k\u00f6nnen Sie dank Ihrer ESTA-Genehmigung mit gutem Gewissen Englisch lernen und ersparen sich den Papierkram eines Visumantrags.<\/p>\n\n<p>Wenn Sie Ihr Englisch perfektionieren m\u00f6chten, ist ein Besuch <a href=\"https:\/\/123-esta.com\/de\/tipps-fuer-reisen-in-die-usa\/\">in den USA eine ausgezeichnete Idee und wir empfehlen Ihnen<\/a> dringend, dies zu tun. Tats\u00e4chlich wird anerkannt, dass das Englisch der Amerikaner viel einfacher ist als das der englischen Staatsb\u00fcrger, die einen oft schwer verst\u00e4ndlichen Akzent haben.<\/p>\n\n<p>Sobald Sie in den USA sind, k\u00f6nnen Sie zum Beispiel einen Englischkurs besuchen, der weniger als 18 Stunden pro Woche dauert. Achten Sie jedoch darauf, dass die Kurse nicht l\u00e4nger als 90 Tage dauern, da dies die Obergrenze f\u00fcr Ihre ESTA-Genehmigung darstellt.<\/p>\n\n<p>F\u00fcr eine Dauer, die diese Grenze \u00fcberschreitet, m\u00fcssen Sie n\u00e4mlich ein Visum beantragen, was manchmal schwierig zu bekommen sein kann. Wetten, dass Sie bereits nach drei Monaten Ihr Niveau in der Sprache Shakespeares deutlich verbessern k\u00f6nnen?<\/p>\n\n<h2 class=\"wp-block-heading\">Den Aufenthalt in den USA nutzen, um seine Englischkenntnisse zu verbessern<\/h2>\n\n<p>Ob Sie in den USA Urlaub machen oder als Tourist unterwegs sind, Sie werden sicherlich viele M\u00f6glichkeiten haben, Ihre Englischkenntnisse zu verbessern. Ab dem Zeitpunkt, an dem Sie die Grundlagen einer Sprache beherrschen, ist das Wichtigste, dass Sie \u00fcben! Wenn Sie mehrere Wochen in den USA auf Immersion sind, werden Sie diese Chance sicherlich haben.<\/p>\n\n<p>F\u00fcr diejenigen, die dies w\u00fcnschen, bieten viele Schulen vor Ort Sprachkurse f\u00fcr Ausl\u00e4nder an. Diese Kurse finden in der Regel 3 Stunden pro Tag von Montag bis Freitag statt. Dadurch haben Sie gen\u00fcgend Zeit, die Wunder der Stadt oder Region, in der Sie stationiert sind, zu entdecken.<\/p>\n\n<h2 class=\"wp-block-heading\">Herausfinden, was eine ESTA-Genehmigung ist<\/h2>\n\n<p>Die ESTA-Genehmigung muss unbedingt vor der Abreise beantragt werden. Um einen Antrag zu stellen, f\u00fcllen Sie einfach unser <a href=\"https:\/\/123-esta.com\/de\/formular-esta\/\">Online-Formular<\/a> aus.<\/p>\n\n<p>Achten Sie nat\u00fcrlich sehr genau auf Ihre Angaben, um eine Ablehnung Ihres Antrags zu vermeiden. Dies kann insbesondere dann passieren, wenn Ihre Angaben nicht mit denen in Ihrem Reisepass \u00fcbereinstimmen. Es ist auch ratsam, <a href=\"https:\/\/123-esta.com\/de\/warum-machen-wir-einen-esta-antrag-fur-die-usa\/\">den Antrag<\/a> mehrere Tage vor der Abreise zu stellen, falls er zur\u00fcckgestellt wird. Zur\u00fcckstellen bedeutet, dass sich die US-Beh\u00f6rden mehrere Tage Zeit nehmen, um zu analysieren, ob Ihr Antrag angenommen werden kann oder nicht.<\/p>\n\n<p>Beachten Sie, dass die ESTA-Genehmigung f\u00fcr maximal zwei Jahre oder bis zum Ablauf der G\u00fcltigkeit Ihres Reisepasses g\u00fcltig ist.<\/p>\n\n<p>Sobald die Genehmigung erteilt wurde, k\u00f6nnen Sie jederzeit in die USA einreisen, solange Sie die Grenze von 90 aufeinanderfolgenden Tagen nicht \u00fcberschreiten. Wenn Ihr Antrag aus irgendeinem Grund nicht genehmigt wird, sollten Sie so schnell wie m\u00f6glich ein Visum beantragen. Beachten Sie jedoch, dass Ablehnungen sehr selten sind.<\/p>\n\n<p>Nat\u00fcrlich m\u00f6chten wir abschlie\u00dfend noch einmal darauf hinweisen, dass der ESTA-Antrag nicht f\u00fcr diejenigen gilt, die planen, in den USA zu leben und zu arbeiten. In dieser Situation m\u00fcssen Sie sofort ein Visum beantragen, da Sie mit einer ESTA-Genehmigung nicht vor Ort arbeiten d\u00fcrfen.<\/p>\n","protected":false},"excerpt":{"rendered":"<p>Im Rahmen von Sprachreisen k\u00f6nnen Sie dank Ihrer ESTA-Genehmigung mit gutem Gewissen Englisch lernen und ersparen sich den Papierkram eines Visumantrags. Wenn Sie Ihr Englisch perfektionieren m\u00f6chten, ist ein Besuch in den USA eine ausgezeichnete Idee und wir empfehlen Ihnen dringend, dies zu tun. Tats\u00e4chlich wird anerkannt, dass das Englisch der Amerikaner viel einfacher ist [&hellip;]<\/p>\n","protected":false},"author":1,"featured_media":0,"parent":0,"menu_order":0,"comment_status":"closed","ping_status":"closed","template":"","meta":{"site-sidebar-layout":"default","site-content-layout":"default","ast-site-content-layout":"default","site-content-style":"default","site-sidebar-style":"default","ast-global-header-display":"","ast-banner-title-visibility":"","ast-main-header-display":"","ast-hfb-above-header-display":"","ast-hfb-below-header-display":"","ast-hfb-mobile-header-display":"","site-post-title":"","ast-breadcrumbs-content":"","ast-featured-img":"","footer-sml-layout":"","ast-disable-related-posts":"","theme-transparent-header-meta":"default","adv-header-id-meta":"","stick-header-meta":"default","header-above-stick-meta":"","header-main-stick-meta":"","header-below-stick-meta":"","astra-migrate-meta-layouts":"default","ast-page-background-enabled":"default","ast-page-background-meta":{"desktop":{"background-color":"","background-image":"","background-repeat":"repeat","background-position":"center center","background-size":"auto","background-attachment":"scroll","background-type":"","background-media":"","overlay-type":"","overlay-color":"","overlay-opacity":"","overlay-gradient":""},"tablet":{"background-color":"","background-image":"","background-repeat":"repeat","background-position":"center center","background-size":"auto","background-attachment":"scroll","background-type":"","background-media":"","overlay-type":"","overlay-color":"","overlay-opacity":"","overlay-gradient":""},"mobile":{"background-color":"","background-image":"","background-repeat":"repeat","background-position":"center center","background-size":"auto","background-attachment":"scroll","background-type":"","background-media":"","overlay-type":"","overlay-color":"","overlay-opacity":"","overlay-gradient":""}},"ast-content-background-meta":{"desktop":{"background-color":"var(--ast-global-color-5)","background-image":"","background-repeat":"repeat","background-position":"center center","background-size":"auto","background-attachment":"scroll","background-type":"","background-media":"","overlay-type":"","overlay-color":"","overlay-opacity":"","overlay-gradient":""},"tablet":{"background-color":"var(--ast-global-color-5)","background-image":"","background-repeat":"repeat","background-position":"center center","background-size":"auto","background-attachment":"scroll","background-type":"","background-media":"","overlay-type":"","overlay-color":"","overlay-opacity":"","overlay-gradient":""},"mobile":{"background-color":"var(--ast-global-color-5)","background-image":"","background-repeat":"repeat","background-position":"center center","background-size":"auto","background-attachment":"scroll","background-type":"","background-media":"","overlay-type":"","overlay-color":"","overlay-opacity":"","overlay-gradient":""}},"footnotes":""},"class_list":["post-2129","page","type-page","status-publish","hentry"],"yoast_head":"<!-- This site is optimized with the Yoast SEO plugin v27.1.1 - https:\/\/yoast.com\/product\/yoast-seo-wordpress\/ -->\n<title>Ist f\u00fcr einen Sprachaufenthalt in den USA ein ESTA erforderlich?<\/title>\n<meta name=\"description\" content=\"Es ist m\u00f6glich, einen Sprachaufenthalt in den USA zu absolvieren, um Englisch zu lernen. Reicht eine einfache ESTA-Genehmigung? Die Antwort hier.\" \/>\n<meta name=\"robots\" content=\"index, follow, max-snippet:-1, max-image-preview:large, max-video-preview:-1\" \/>\n<link rel=\"canonical\" href=\"https:\/\/123-esta.com\/de\/sprachaufenthalt-mit-esta\/\" \/>\n<meta property=\"og:locale\" content=\"de_DE\" \/>\n<meta property=\"og:type\" content=\"article\" \/>\n<meta property=\"og:title\" content=\"Ist f\u00fcr einen Sprachaufenthalt in den USA ein ESTA erforderlich?\" \/>\n<meta property=\"og:description\" content=\"Es ist m\u00f6glich, einen Sprachaufenthalt in den USA zu absolvieren, um Englisch zu lernen. Reicht eine einfache ESTA-Genehmigung? Die Antwort hier.\" \/>\n<meta property=\"og:url\" content=\"https:\/\/123-esta.com\/de\/sprachaufenthalt-mit-esta\/\" \/>\n<meta property=\"og:site_name\" content=\"Formulaire ESTA pour les USA\" \/>\n<meta property=\"article:modified_time\" content=\"2022-08-23T21:24:13+00:00\" \/>\n<meta name=\"twitter:card\" content=\"summary_large_image\" \/>\n<meta name=\"twitter:label1\" content=\"Gesch\u00e4tzte Lesezeit\" \/>\n\t<meta name=\"twitter:data1\" content=\"2\u00a0Minuten\" \/>\n<script type=\"application\/ld+json\" class=\"yoast-schema-graph\">{\"@context\":\"https:\/\/schema.org\",\"@graph\":[{\"@type\":\"WebPage\",\"@id\":\"https:\/\/123-esta.com\/de\/sprachaufenthalt-mit-esta\/\",\"url\":\"https:\/\/123-esta.com\/de\/sprachaufenthalt-mit-esta\/\",\"name\":\"Ist f\u00fcr einen Sprachaufenthalt in den USA ein ESTA erforderlich?\",\"isPartOf\":{\"@id\":\"https:\/\/123-esta.com\/de\/#website\"},\"datePublished\":\"2022-07-27T19:32:39+00:00\",\"dateModified\":\"2022-08-23T21:24:13+00:00\",\"description\":\"Es ist m\u00f6glich, einen Sprachaufenthalt in den USA zu absolvieren, um Englisch zu lernen. Reicht eine einfache ESTA-Genehmigung? Die Antwort hier.\",\"inLanguage\":\"de\",\"potentialAction\":[{\"@type\":\"ReadAction\",\"target\":[\"https:\/\/123-esta.com\/de\/sprachaufenthalt-mit-esta\/\"]}]},{\"@type\":\"WebSite\",\"@id\":\"https:\/\/123-esta.com\/de\/#website\",\"url\":\"https:\/\/123-esta.com\/de\/\",\"name\":\"Formulaire ESTA pour les USA\",\"description\":\"\",\"publisher\":{\"@id\":\"https:\/\/123-esta.com\/de\/#organization\"},\"potentialAction\":[{\"@type\":\"SearchAction\",\"target\":{\"@type\":\"EntryPoint\",\"urlTemplate\":\"https:\/\/123-esta.com\/de\/?s={search_term_string}\"},\"query-input\":{\"@type\":\"PropertyValueSpecification\",\"valueRequired\":true,\"valueName\":\"search_term_string\"}}],\"inLanguage\":\"de\"},{\"@type\":\"Organization\",\"@id\":\"https:\/\/123-esta.com\/de\/#organization\",\"name\":\"Formulaire ESTA pour les USA\",\"url\":\"https:\/\/123-esta.com\/de\/\",\"logo\":{\"@type\":\"ImageObject\",\"inLanguage\":\"de\",\"@id\":\"https:\/\/123-esta.com\/de\/#\/schema\/logo\/image\/\",\"url\":\"https:\/\/123-esta.com\/wp-content\/uploads\/2018\/03\/logo-123-esta.png\",\"contentUrl\":\"https:\/\/123-esta.com\/wp-content\/uploads\/2018\/03\/logo-123-esta.png\",\"width\":191,\"height\":54,\"caption\":\"Formulaire ESTA pour les USA\"},\"image\":{\"@id\":\"https:\/\/123-esta.com\/de\/#\/schema\/logo\/image\/\"}}]}<\/script>\n<!-- \/ Yoast SEO plugin. -->","yoast_head_json":{"title":"Ist f\u00fcr einen Sprachaufenthalt in den USA ein ESTA erforderlich?","description":"Es ist m\u00f6glich, einen Sprachaufenthalt in den USA zu absolvieren, um Englisch zu lernen. Reicht eine einfache ESTA-Genehmigung? Die Antwort hier.","robots":{"index":"index","follow":"follow","max-snippet":"max-snippet:-1","max-image-preview":"max-image-preview:large","max-video-preview":"max-video-preview:-1"},"canonical":"https:\/\/123-esta.com\/de\/sprachaufenthalt-mit-esta\/","og_locale":"de_DE","og_type":"article","og_title":"Ist f\u00fcr einen Sprachaufenthalt in den USA ein ESTA erforderlich?","og_description":"Es ist m\u00f6glich, einen Sprachaufenthalt in den USA zu absolvieren, um Englisch zu lernen. Reicht eine einfache ESTA-Genehmigung? Die Antwort hier.","og_url":"https:\/\/123-esta.com\/de\/sprachaufenthalt-mit-esta\/","og_site_name":"Formulaire ESTA pour les USA","article_modified_time":"2022-08-23T21:24:13+00:00","twitter_card":"summary_large_image","twitter_misc":{"Gesch\u00e4tzte Lesezeit":"2\u00a0Minuten"},"schema":{"@context":"https:\/\/schema.org","@graph":[{"@type":"WebPage","@id":"https:\/\/123-esta.com\/de\/sprachaufenthalt-mit-esta\/","url":"https:\/\/123-esta.com\/de\/sprachaufenthalt-mit-esta\/","name":"Ist f\u00fcr einen Sprachaufenthalt in den USA ein ESTA erforderlich?","isPartOf":{"@id":"https:\/\/123-esta.com\/de\/#website"},"datePublished":"2022-07-27T19:32:39+00:00","dateModified":"2022-08-23T21:24:13+00:00","description":"Es ist m\u00f6glich, einen Sprachaufenthalt in den USA zu absolvieren, um Englisch zu lernen. Reicht eine einfache ESTA-Genehmigung? Die Antwort hier.","inLanguage":"de","potentialAction":[{"@type":"ReadAction","target":["https:\/\/123-esta.com\/de\/sprachaufenthalt-mit-esta\/"]}]},{"@type":"WebSite","@id":"https:\/\/123-esta.com\/de\/#website","url":"https:\/\/123-esta.com\/de\/","name":"Formulaire ESTA pour les USA","description":"","publisher":{"@id":"https:\/\/123-esta.com\/de\/#organization"},"potentialAction":[{"@type":"SearchAction","target":{"@type":"EntryPoint","urlTemplate":"https:\/\/123-esta.com\/de\/?s={search_term_string}"},"query-input":{"@type":"PropertyValueSpecification","valueRequired":true,"valueName":"search_term_string"}}],"inLanguage":"de"},{"@type":"Organization","@id":"https:\/\/123-esta.com\/de\/#organization","name":"Formulaire ESTA pour les USA","url":"https:\/\/123-esta.com\/de\/","logo":{"@type":"ImageObject","inLanguage":"de","@id":"https:\/\/123-esta.com\/de\/#\/schema\/logo\/image\/","url":"https:\/\/123-esta.com\/wp-content\/uploads\/2018\/03\/logo-123-esta.png","contentUrl":"https:\/\/123-esta.com\/wp-content\/uploads\/2018\/03\/logo-123-esta.png","width":191,"height":54,"caption":"Formulaire ESTA pour les USA"},"image":{"@id":"https:\/\/123-esta.com\/de\/#\/schema\/logo\/image\/"}}]}},"_links":{"self":[{"href":"https:\/\/123-esta.com\/de\/wp-json\/wp\/v2\/pages\/2129","targetHints":{"allow":["GET"]}}],"collection":[{"href":"https:\/\/123-esta.com\/de\/wp-json\/wp\/v2\/pages"}],"about":[{"href":"https:\/\/123-esta.com\/de\/wp-json\/wp\/v2\/types\/page"}],"author":[{"embeddable":true,"href":"https:\/\/123-esta.com\/de\/wp-json\/wp\/v2\/users\/1"}],"replies":[{"embeddable":true,"href":"https:\/\/123-esta.com\/de\/wp-json\/wp\/v2\/comments?post=2129"}],"version-history":[{"count":0,"href":"https:\/\/123-esta.com\/de\/wp-json\/wp\/v2\/pages\/2129\/revisions"}],"wp:attachment":[{"href":"https:\/\/123-esta.com\/de\/wp-json\/wp\/v2\/media?parent=2129"}],"curies":[{"name":"wp","href":"https:\/\/api.w.org\/{rel}","templated":true}]}}