{"id":2118,"date":"2022-07-27T21:32:38","date_gmt":"2022-07-27T19:32:38","guid":{"rendered":"https:\/\/123-esta.com\/startseite\/"},"modified":"2025-12-18T12:32:09","modified_gmt":"2025-12-18T11:32:09","slug":"startseite","status":"publish","type":"page","link":"https:\/\/123-esta.com\/de\/","title":{"rendered":"ESTA-Formular f\u00fcr die USA"},"content":{"rendered":"\t\t<div data-elementor-type=\"wp-post\" data-elementor-id=\"2118\" class=\"elementor elementor-2118 elementor-4\" data-elementor-post-type=\"page\">\n\t\t\t\t\t\t<section class=\"elementor-section elementor-top-section elementor-element elementor-element-2d3ad03 elementor-section-stretched elementor-section-boxed elementor-section-height-default elementor-section-height-default\" data-id=\"2d3ad03\" data-element_type=\"section\" data-e-type=\"section\" data-settings=\"{&quot;stretch_section&quot;:&quot;section-stretched&quot;,&quot;background_background&quot;:&quot;classic&quot;}\">\n\t\t\t\t\t\t<div class=\"elementor-container elementor-column-gap-default\">\n\t\t\t\t\t<div class=\"elementor-column elementor-col-100 elementor-top-column elementor-element elementor-element-6d353e0\" data-id=\"6d353e0\" data-element_type=\"column\" data-e-type=\"column\">\n\t\t\t<div class=\"elementor-widget-wrap elementor-element-populated\">\n\t\t\t\t\t\t<section class=\"elementor-section elementor-inner-section elementor-element elementor-element-9bafa84 elementor-section-boxed elementor-section-height-default elementor-section-height-default\" data-id=\"9bafa84\" data-element_type=\"section\" data-e-type=\"section\">\n\t\t\t\t\t\t<div class=\"elementor-container elementor-column-gap-default\">\n\t\t\t\t\t<div class=\"elementor-column elementor-col-50 elementor-inner-column elementor-element elementor-element-2436f2e\" data-id=\"2436f2e\" data-element_type=\"column\" data-e-type=\"column\">\n\t\t\t<div class=\"elementor-widget-wrap elementor-element-populated\">\n\t\t\t\t\t\t<div class=\"elementor-element elementor-element-5f977d7 elementor-widget elementor-widget-spacer\" data-id=\"5f977d7\" data-element_type=\"widget\" data-e-type=\"widget\" data-widget_type=\"spacer.default\">\n\t\t\t\t<div class=\"elementor-widget-container\">\n\t\t\t\t\t\t\t<div class=\"elementor-spacer\">\n\t\t\t<div class=\"elementor-spacer-inner\"><\/div>\n\t\t<\/div>\n\t\t\t\t\t\t<\/div>\n\t\t\t\t<\/div>\n\t\t\t\t\t<\/div>\n\t\t<\/div>\n\t\t\t\t<div class=\"elementor-column elementor-col-50 elementor-inner-column elementor-element elementor-element-3773590\" data-id=\"3773590\" data-element_type=\"column\" data-e-type=\"column\">\n\t\t\t<div class=\"elementor-widget-wrap elementor-element-populated\">\n\t\t\t\t\t\t<div class=\"elementor-element elementor-element-f1ba379 elementor-widget elementor-widget-heading\" data-id=\"f1ba379\" data-element_type=\"widget\" data-e-type=\"widget\" data-widget_type=\"heading.default\">\n\t\t\t\t<div class=\"elementor-widget-container\">\n\t\t\t\t\t<h1 class=\"elementor-heading-title elementor-size-default\">ESTA-Reisegenehmigung f\u00fcr die USA<\/h1>\t\t\t\t<\/div>\n\t\t\t\t<\/div>\n\t\t\t\t<div class=\"elementor-element elementor-element-075bfb1 elementor-widget elementor-widget-text-editor\" data-id=\"075bfb1\" data-element_type=\"widget\" data-e-type=\"widget\" data-widget_type=\"text-editor.default\">\n\t\t\t\t<div class=\"elementor-widget-container\">\n\t\t\t\t\t\t\t\t\t<p>Das Online-Antragsverfahren f\u00fcr ESTA gew\u00e4hrleistet, dass Sie Ihre ESTA-Genehmigung schnell erhalten. Das Formular ist online verf\u00fcgbar und wird von detaillierten Anweisungen f\u00fcr jedes Feld begleitet. Es dauert nur wenige Minuten, um Ihren Antrag online auszuf\u00fcllen und einzureichen.<\/p>\t\t\t\t\t\t\t\t<\/div>\n\t\t\t\t<\/div>\n\t\t\t\t\t<\/div>\n\t\t<\/div>\n\t\t\t\t\t<\/div>\n\t\t<\/section>\n\t\t\t\t\t<\/div>\n\t\t<\/div>\n\t\t\t\t\t<\/div>\n\t\t<\/section>\n\t\t\t\t<section class=\"elementor-section elementor-top-section elementor-element elementor-element-d5a5f66 elementor-section-boxed elementor-section-height-default elementor-section-height-default\" data-id=\"d5a5f66\" data-element_type=\"section\" data-e-type=\"section\">\n\t\t\t\t\t\t<div class=\"elementor-container elementor-column-gap-default\">\n\t\t\t\t\t<div class=\"elementor-column elementor-col-100 elementor-top-column elementor-element elementor-element-a391abb\" data-id=\"a391abb\" data-element_type=\"column\" data-e-type=\"column\">\n\t\t\t<div class=\"elementor-widget-wrap elementor-element-populated\">\n\t\t\t\t\t\t<div class=\"elementor-element elementor-element-21084ef elementor-widget elementor-widget-text-editor\" data-id=\"21084ef\" data-element_type=\"widget\" data-e-type=\"widget\" data-widget_type=\"text-editor.default\">\n\t\t\t\t<div class=\"elementor-widget-container\">\n\t\t\t\t\t\t\t\t\t<h2>Ohne US-Visum in die USA reisen<\/h2><p>Die Formalit\u00e4ten f\u00fcr einen Aufenthalt in den USA f\u00fcr einen Aufenthalt von weniger als 90 Tagen k\u00f6nnen direkt im Internet erledigt werden. Es ist nicht erforderlich, einen Termin bei der US-Botschaft oder dem US-Konsulat zu bekommen.<\/p><p><strong>F\u00fcr einen Aufenthalt von weniger als 90 Tagen in den USA<\/strong>: Sie k\u00f6nnen die Formalit\u00e4ten erledigen, indem Sie auf <a href=\"https:\/\/123-esta.com\/de\/formular-esta\/\">Online-Formular<\/a> klicken.<\/p><p>Das Online-Formular kann in wenigen Minuten ausgef\u00fcllt werden, wenn Sie Ihren Reisepass dabei haben. Geben Sie einfach die geforderten pers\u00f6nlichen Informationen ein, um die ESTA-Genehmigung zu erhalten. Die Zahlung erfolgt direkt nach dem Ausf\u00fcllen des Online-Formulars. Sie erhalten dann innerhalb weniger Minuten die Best\u00e4tigung, dass Ihr ESTA genehmigt wurde.<\/p><h2>Was ist ESTA?<\/h2><p>ESTA ist eine elektronische Reisegenehmigung f\u00fcr die USA. Er wurde 2009 von der US-Regierung eingef\u00fchrt und muss vor dem Einsteigen in ein Flugzeug erworben werden. Die ESTA-Genehmigung ist f\u00fcr Gesch\u00e4ftsreisen und touristische Aufenthalte von bis zu 90 Tagen auf US-amerikanischem Boden reserviert. Das ESTA ist auch f\u00fcr einen einfachen Zwischenstopp in den USA erforderlich.<\/p><p>ESTA ist f\u00fcr alle berechtigten Personen erforderlich, die auf dem Luft- oder Seeweg reisen, und muss f\u00fcr jedes Familienmitglied, einschlie\u00dflich Kleinkindern, ausgef\u00fcllt werden. Sie m\u00fcssen einen elektronischen Reisepass oder einen biometrischen Reisepass besitzen, um einen Antrag stellen zu k\u00f6nnen. Sie m\u00fcssen nicht mehr zur US-Botschaft oder zu einem Konsulat gehen, da der Antragsprozess vollst\u00e4ndig online abgewickelt wird. Um mehr dar\u00fcber zu erfahren, lesen Sie unsere Seite <a href=\"https:\/\/123-esta.com\/de\/was-ist-esta\/\">Was ist ESTA<\/a>?<\/p><p>Das ESTA ist zwei Jahre lang g\u00fcltig. In dieser Zeit kann der Reisende so oft hin- und herreisen, wie er m\u00f6chte. Nach Ablauf der G\u00fcltigkeitsdauer oder wenn Sie in der Zwischenzeit einen neuen franz\u00f6sischen Reisepass erhalten, muss ein neuer Online-Antrag gestellt werden. Um diese Reisegenehmigung zu erhalten, m\u00fcssen Sie das ESTA-Formular ausf\u00fcllen. F\u00fcr weitere Informationen klicken Sie auf diese Seite \u00fcber ESTA.<\/p><h2>Warum ist ESTA vorgeschrieben?<\/h2><p>Ohne Reisegenehmigung, ESTA oder US-Visum, in die USA zu reisen, ist nicht m\u00f6glich. ESTA, das elektronische Reisegenehmigungssystem, ist ein Instrument zur Erh\u00f6hung der Sicherheitsma\u00dfnahmen bei Reisen in die USA. Dabei handelt es sich um ein System, bei dem jeder Reisende vorselektiert wird. Anhand der Informationen, die beim Ausf\u00fcllen des Online-Fragebogens angegeben werden, entscheiden die US-Beh\u00f6rden, ob der Reisende ohne Visum in die USA einreisen darf oder nicht.<\/p><p>Das ESTA erh\u00f6ht die Sicherheit und verk\u00fcrzt gleichzeitig die Wartezeit an der Grenzstation, da es der Zollbeh\u00f6rde die Informationen \u00fcber den Reisenden bereits vor dessen Einreise in die USA zur Verf\u00fcgung stellt. Das DHS (Department of Homeland Security) ist f\u00fcr die Bearbeitung Ihres <a href=\"https:\/\/123-esta.com\/de\/alle-wissen-uber-esta-antrag\/\">ESTA-Antrags<\/a> zust\u00e4ndig.<\/p><h2>Welche L\u00e4nder sind von ESTA betroffen?<\/h2><p>Das ESTA leitet seinen Wirkungsbereich vom <a href=\"https:\/\/travel.state.gov\/content\/travel\/en\/us-visas\/tourism-visit\/visa-waiver-program.html\">Visa Waiver Program<\/a> ab. Diese Regelung gilt f\u00fcr Staatsangeh\u00f6rige der folgenden L\u00e4nder: Andorra, Australien, \u00d6sterreich, Belgien, Brunei, Chile, S\u00fcdkorea, Kroatien, D\u00e4nemark, Deutschland, Estland, Finnland, Frankreich, Griechenland, Ungarn, Irland, Island, Israel, Italien, Japan, Lettland, Liechtenstein, Litauen, Luxemburg, Monaco, Norwegen, Neuseeland, Niederlande, Polen, Portugal, Republik Malta, Tschechische Republik, Gro\u00dfbritannien, San Marino, Singapur, Slowakei, Slowenien, Spanien, Schweden, Schweiz und Taiwan.  <\/p><p>Sie sind ESTA-berechtigt, wenn Sie eine dieser Nationalit\u00e4ten haben und f\u00fcr einen vor\u00fcbergehenden Aufenthalt in die USA reisen m\u00f6chten.<\/p><h2>Was ist der Unterschied zwischen Visum und ESTA?<\/h2><p>Die beiden W\u00f6rter Visum und ESTA werden oft miteinander in Verbindung gebracht. Viele Menschen sprechen von einem ESTA-Visum, weil die ESTA-Reisegenehmigung die Einreise in die USA erm\u00f6glicht. Die Erteilung eines B2-Touristenvisums ist f\u00fcr das US-Ministerium f\u00fcr Innere Sicherheit viel verbindlicher. Mit den verschiedenen US-Visa k\u00f6nnen sich ausl\u00e4ndische Staatsangeh\u00f6rige viel l\u00e4nger in den USA aufhalten als mit einem ESTA, das nur einen Aufenthalt von maximal 90 Tagen in den USA erlaubt.<\/p><p>Die Beantragung eines US-Visums ist ein l\u00e4ngerer und komplizierterer Prozess als die Beantragung einer einfachen ESTA-Genehmigung \u00fcber das Internet. Um ein Visum f\u00fcr die USA zu erhalten, muss der Antragsteller ein Interview in der US-Botschaft absolvieren. Dieses Gespr\u00e4ch mit einem amerikanischen Beamten ist obligatorisch und entscheidend, wenn es um die Erteilung eines Reisevisums f\u00fcr die USA geht.<\/p><h2>Wie lange dauert die Bearbeitung meines ESTA-Formulars?<\/h2><p>Sobald das ESTA-Formular ausgef\u00fcllt und die Zahlung geleistet wurde, beginnt die Bearbeitung des Antrags auf ESTA-Genehmigung sofort. Der erste Schritt betrifft die \u00dcberpr\u00fcfung Ihrer Informationen. Dadurch werden m\u00f6gliche Fehler oder Vers\u00e4umnisse beim Ausf\u00fcllen des Online-Formulars aufgedeckt. Wenn die Informationen vollst\u00e4ndig und richtig sind, k\u00f6nnen Sie Ihren Antrag innerhalb weniger Minuten erhalten.<\/p><p>Die Ausstellung dieses Dokuments kann bis zu 72 Stunden dauern, wenn Ihr <a href=\"https:\/\/123-esta.com\/de\/was-zu-tun-wenn-der-esta-antrag-aussteht\/\">Antrag von den US-Beh\u00f6rden<\/a> in die Warteschleife gestellt wird. In diesem Fall nehmen sich die US-Beh\u00f6rden maximal drei Tage Zeit, um Ihren Antrag zu pr\u00fcfen und uns eine Antwort zukommen zu lassen.<br>Wenn Sie Ihr ESTA erhalten haben, nutzen Sie die Gelegenheit, um unsere <a href=\"https:\/\/123-esta.com\/de\/tipps-fuer-reisen-in-die-usa\/\">Tipps f\u00fcr eine Reise in die USA zu<\/a> lesen. Egal, ob Sie eine Reise nach New York planen, die Niagaraf\u00e4lle besuchen oder Florida erkunden m\u00f6chten, Ihre n\u00e4chste Reise in die USA l\u00e4sst sich umso einfacher planen.<\/p><h2>Kann man mit einem ESTA nach Kanada oder Gro\u00dfbritannien reisen?<\/h2><p>Eine ESTA-Genehmigung berechtigt nicht zur Einreise in das kanadische oder britische Hoheitsgebiet. Das ESTA betrifft nur die Einreise in die USA. Seit 2016 hat Kanada ein computergest\u00fctztes System f\u00fcr Reisegenehmigungen eingef\u00fchrt, das dem der USA \u00e4hnelt. Dieses System stellt Reisenden, die nach Kanada reisen m\u00f6chten, eine eTA Canada Genehmigung aus.<\/p><p>2024 starteten auch die Briten ihr Programm f\u00fcr die elektronische Reisebescheinigung, das eine <a href=\"https:\/\/uk-gb.net\/de\/eta-england-vereinigtes-konigreich\/\">eTA f\u00fcr das Vereinigte K\u00f6nigreich<\/a> ausstellt. Diese Vorabreisebescheinigung erm\u00f6glicht es berechtigten ausl\u00e4ndischen Reisenden, ohne Visum einen Kurzaufenthalt im Vereinigten K\u00f6nigreich zu absolvieren.<\/p>\t\t\t\t\t\t\t\t<\/div>\n\t\t\t\t<\/div>\n\t\t\t\t\t<\/div>\n\t\t<\/div>\n\t\t\t\t\t<\/div>\n\t\t<\/section>\n\t\t\t\t<\/div>\n\t\t","protected":false},"excerpt":{"rendered":"<p>ESTA-Reisegenehmigung f\u00fcr die USA Das Online-Antragsverfahren f\u00fcr ESTA gew\u00e4hrleistet, dass Sie Ihre ESTA-Genehmigung schnell erhalten. Das Formular ist online verf\u00fcgbar und wird von detaillierten Anweisungen f\u00fcr jedes Feld begleitet. Es dauert nur wenige Minuten, um Ihren Antrag online auszuf\u00fcllen und einzureichen. Ohne US-Visum in die USA reisen Die Formalit\u00e4ten f\u00fcr einen Aufenthalt in den USA [&hellip;]<\/p>\n","protected":false},"author":1,"featured_media":0,"parent":0,"menu_order":0,"comment_status":"closed","ping_status":"closed","template":"","meta":{"site-sidebar-layout":"no-sidebar","site-content-layout":"page-builder","ast-site-content-layout":"full-width-container","site-content-style":"unboxed","site-sidebar-style":"unboxed","ast-global-header-display":"","ast-banner-title-visibility":"","ast-main-header-display":"","ast-hfb-above-header-display":"","ast-hfb-below-header-display":"","ast-hfb-mobile-header-display":"","site-post-title":"disabled","ast-breadcrumbs-content":"","ast-featured-img":"disabled","footer-sml-layout":"","ast-disable-related-posts":"","theme-transparent-header-meta":"default","adv-header-id-meta":"","stick-header-meta":"default","header-above-stick-meta":"","header-main-stick-meta":"","header-below-stick-meta":"","astra-migrate-meta-layouts":"default","ast-page-background-enabled":"default","ast-page-background-meta":{"desktop":{"background-color":"","background-image":"","background-repeat":"repeat","background-position":"center center","background-size":"auto","background-attachment":"scroll","background-type":"","background-media":"","overlay-type":"","overlay-color":"","overlay-opacity":"","overlay-gradient":""},"tablet":{"background-color":"","background-image":"","background-repeat":"repeat","background-position":"center center","background-size":"auto","background-attachment":"scroll","background-type":"","background-media":"","overlay-type":"","overlay-color":"","overlay-opacity":"","overlay-gradient":""},"mobile":{"background-color":"","background-image":"","background-repeat":"repeat","background-position":"center center","background-size":"auto","background-attachment":"scroll","background-type":"","background-media":"","overlay-type":"","overlay-color":"","overlay-opacity":"","overlay-gradient":""}},"ast-content-background-meta":{"desktop":{"background-color":"var(--ast-global-color-5)","background-image":"","background-repeat":"repeat","background-position":"center center","background-size":"auto","background-attachment":"scroll","background-type":"","background-media":"","overlay-type":"","overlay-color":"","overlay-opacity":"","overlay-gradient":""},"tablet":{"background-color":"var(--ast-global-color-5)","background-image":"","background-repeat":"repeat","background-position":"center center","background-size":"auto","background-attachment":"scroll","background-type":"","background-media":"","overlay-type":"","overlay-color":"","overlay-opacity":"","overlay-gradient":""},"mobile":{"background-color":"var(--ast-global-color-5)","background-image":"","background-repeat":"repeat","background-position":"center center","background-size":"auto","background-attachment":"scroll","background-type":"","background-media":"","overlay-type":"","overlay-color":"","overlay-opacity":"","overlay-gradient":""}},"footnotes":""},"class_list":["post-2118","page","type-page","status-publish","hentry"],"yoast_head":"<!-- This site is optimized with the Yoast SEO plugin v27.1.1 - https:\/\/yoast.com\/product\/yoast-seo-wordpress\/ -->\n<title>ESTA-Formular f\u00fcr die USA<\/title>\n<meta name=\"description\" content=\"Wir geben uns alle Informationen, wie Sie das ESTA-Visum ganz einfach \u00fcber das Internet beantragen k\u00f6nnen, was es kostet und welche Voraussetzungen es erf\u00fcllen muss.\" \/>\n<meta name=\"robots\" content=\"index, follow, max-snippet:-1, max-image-preview:large, max-video-preview:-1\" \/>\n<link rel=\"canonical\" href=\"https:\/\/123-esta.com\/de\/\" \/>\n<meta property=\"og:locale\" content=\"de_DE\" \/>\n<meta property=\"og:type\" content=\"article\" \/>\n<meta property=\"og:title\" content=\"ESTA-Formular f\u00fcr die USA\" \/>\n<meta property=\"og:description\" content=\"Wir geben uns alle Informationen, wie Sie das ESTA-Visum ganz einfach \u00fcber das Internet beantragen k\u00f6nnen, was es kostet und welche Voraussetzungen es erf\u00fcllen muss.\" \/>\n<meta property=\"og:url\" content=\"https:\/\/123-esta.com\/de\/\" \/>\n<meta property=\"og:site_name\" content=\"Formulaire ESTA pour les USA\" \/>\n<meta property=\"article:modified_time\" content=\"2025-12-18T11:32:09+00:00\" \/>\n<meta name=\"twitter:card\" content=\"summary_large_image\" \/>\n<meta name=\"twitter:label1\" content=\"Gesch\u00e4tzte Lesezeit\" \/>\n\t<meta name=\"twitter:data1\" content=\"5\u00a0Minuten\" \/>\n<script type=\"application\/ld+json\" class=\"yoast-schema-graph\">{\"@context\":\"https:\/\/schema.org\",\"@graph\":[{\"@type\":\"WebPage\",\"@id\":\"https:\/\/123-esta.com\/de\/\",\"url\":\"https:\/\/123-esta.com\/de\/\",\"name\":\"ESTA-Formular f\u00fcr die USA\",\"isPartOf\":{\"@id\":\"https:\/\/123-esta.com\/de\/#website\"},\"datePublished\":\"2022-07-27T19:32:38+00:00\",\"dateModified\":\"2025-12-18T11:32:09+00:00\",\"description\":\"Wir geben uns alle Informationen, wie Sie das ESTA-Visum ganz einfach \u00fcber das Internet beantragen k\u00f6nnen, was es kostet und welche Voraussetzungen es erf\u00fcllen muss.\",\"inLanguage\":\"de\",\"potentialAction\":[{\"@type\":\"ReadAction\",\"target\":[\"https:\/\/123-esta.com\/de\/\"]}]},{\"@type\":\"WebSite\",\"@id\":\"https:\/\/123-esta.com\/de\/#website\",\"url\":\"https:\/\/123-esta.com\/de\/\",\"name\":\"Formulaire ESTA pour les USA\",\"description\":\"\",\"publisher\":{\"@id\":\"https:\/\/123-esta.com\/de\/#organization\"},\"potentialAction\":[{\"@type\":\"SearchAction\",\"target\":{\"@type\":\"EntryPoint\",\"urlTemplate\":\"https:\/\/123-esta.com\/de\/?s={search_term_string}\"},\"query-input\":{\"@type\":\"PropertyValueSpecification\",\"valueRequired\":true,\"valueName\":\"search_term_string\"}}],\"inLanguage\":\"de\"},{\"@type\":\"Organization\",\"@id\":\"https:\/\/123-esta.com\/de\/#organization\",\"name\":\"Formulaire ESTA pour les USA\",\"url\":\"https:\/\/123-esta.com\/de\/\",\"logo\":{\"@type\":\"ImageObject\",\"inLanguage\":\"de\",\"@id\":\"https:\/\/123-esta.com\/de\/#\/schema\/logo\/image\/\",\"url\":\"https:\/\/123-esta.com\/wp-content\/uploads\/2018\/03\/logo-123-esta.png\",\"contentUrl\":\"https:\/\/123-esta.com\/wp-content\/uploads\/2018\/03\/logo-123-esta.png\",\"width\":191,\"height\":54,\"caption\":\"Formulaire ESTA pour les USA\"},\"image\":{\"@id\":\"https:\/\/123-esta.com\/de\/#\/schema\/logo\/image\/\"}}]}<\/script>\n<!-- \/ Yoast SEO plugin. -->","yoast_head_json":{"title":"ESTA-Formular f\u00fcr die USA","description":"Wir geben uns alle Informationen, wie Sie das ESTA-Visum ganz einfach \u00fcber das Internet beantragen k\u00f6nnen, was es kostet und welche Voraussetzungen es erf\u00fcllen muss.","robots":{"index":"index","follow":"follow","max-snippet":"max-snippet:-1","max-image-preview":"max-image-preview:large","max-video-preview":"max-video-preview:-1"},"canonical":"https:\/\/123-esta.com\/de\/","og_locale":"de_DE","og_type":"article","og_title":"ESTA-Formular f\u00fcr die USA","og_description":"Wir geben uns alle Informationen, wie Sie das ESTA-Visum ganz einfach \u00fcber das Internet beantragen k\u00f6nnen, was es kostet und welche Voraussetzungen es erf\u00fcllen muss.","og_url":"https:\/\/123-esta.com\/de\/","og_site_name":"Formulaire ESTA pour les USA","article_modified_time":"2025-12-18T11:32:09+00:00","twitter_card":"summary_large_image","twitter_misc":{"Gesch\u00e4tzte Lesezeit":"5\u00a0Minuten"},"schema":{"@context":"https:\/\/schema.org","@graph":[{"@type":"WebPage","@id":"https:\/\/123-esta.com\/de\/","url":"https:\/\/123-esta.com\/de\/","name":"ESTA-Formular f\u00fcr die USA","isPartOf":{"@id":"https:\/\/123-esta.com\/de\/#website"},"datePublished":"2022-07-27T19:32:38+00:00","dateModified":"2025-12-18T11:32:09+00:00","description":"Wir geben uns alle Informationen, wie Sie das ESTA-Visum ganz einfach \u00fcber das Internet beantragen k\u00f6nnen, was es kostet und welche Voraussetzungen es erf\u00fcllen muss.","inLanguage":"de","potentialAction":[{"@type":"ReadAction","target":["https:\/\/123-esta.com\/de\/"]}]},{"@type":"WebSite","@id":"https:\/\/123-esta.com\/de\/#website","url":"https:\/\/123-esta.com\/de\/","name":"Formulaire ESTA pour les USA","description":"","publisher":{"@id":"https:\/\/123-esta.com\/de\/#organization"},"potentialAction":[{"@type":"SearchAction","target":{"@type":"EntryPoint","urlTemplate":"https:\/\/123-esta.com\/de\/?s={search_term_string}"},"query-input":{"@type":"PropertyValueSpecification","valueRequired":true,"valueName":"search_term_string"}}],"inLanguage":"de"},{"@type":"Organization","@id":"https:\/\/123-esta.com\/de\/#organization","name":"Formulaire ESTA pour les USA","url":"https:\/\/123-esta.com\/de\/","logo":{"@type":"ImageObject","inLanguage":"de","@id":"https:\/\/123-esta.com\/de\/#\/schema\/logo\/image\/","url":"https:\/\/123-esta.com\/wp-content\/uploads\/2018\/03\/logo-123-esta.png","contentUrl":"https:\/\/123-esta.com\/wp-content\/uploads\/2018\/03\/logo-123-esta.png","width":191,"height":54,"caption":"Formulaire ESTA pour les USA"},"image":{"@id":"https:\/\/123-esta.com\/de\/#\/schema\/logo\/image\/"}}]}},"_links":{"self":[{"href":"https:\/\/123-esta.com\/de\/wp-json\/wp\/v2\/pages\/2118","targetHints":{"allow":["GET"]}}],"collection":[{"href":"https:\/\/123-esta.com\/de\/wp-json\/wp\/v2\/pages"}],"about":[{"href":"https:\/\/123-esta.com\/de\/wp-json\/wp\/v2\/types\/page"}],"author":[{"embeddable":true,"href":"https:\/\/123-esta.com\/de\/wp-json\/wp\/v2\/users\/1"}],"replies":[{"embeddable":true,"href":"https:\/\/123-esta.com\/de\/wp-json\/wp\/v2\/comments?post=2118"}],"version-history":[{"count":0,"href":"https:\/\/123-esta.com\/de\/wp-json\/wp\/v2\/pages\/2118\/revisions"}],"wp:attachment":[{"href":"https:\/\/123-esta.com\/de\/wp-json\/wp\/v2\/media?parent=2118"}],"curies":[{"name":"wp","href":"https:\/\/api.w.org\/{rel}","templated":true}]}}