{"id":2111,"date":"2022-07-27T21:32:37","date_gmt":"2022-07-27T19:32:37","guid":{"rendered":"https:\/\/123-esta.com\/tipps-vor-einem-usa-besuch\/"},"modified":"2022-09-01T09:14:54","modified_gmt":"2022-09-01T07:14:54","slug":"tipps-fuer-reisen-in-die-usa","status":"publish","type":"page","link":"https:\/\/123-esta.com\/de\/tipps-fuer-reisen-in-die-usa\/","title":{"rendered":"Unsere Tipps f\u00fcr eine sichere Reise in die USA"},"content":{"rendered":"\n<p>Haben Sie sich entschieden, f\u00fcr Ihren n\u00e4chsten Urlaub in die USA zu reisen? Sie haben Ihren g\u00fcltigen Reisepass, Ihr <a href=\"\/\/123-esta.com\/de\/\">ESTA<\/a> in der Tasche und sogar schon Ihre Flugtickets gebucht? Ausgezeichnet!<br\/>Ob Sie nun nach New York reisen, um die Stadt, die niemals schl\u00e4ft, zu besichtigen, oder ob Sie dort einen <a href=\"https:\/\/123-esta.com\/de\/sprachaufenthalt-mit-esta\/\">Sprachkurs<\/a> machen, hier sind unsere letzten Tipps vor der gro\u00dfen Abreise, damit Sie bestm\u00f6glich vorbereitet sind und keine b\u00f6sen \u00dcberraschungen erleben.<\/p>\n\n<h2 class=\"wp-block-heading\">Besuche und Reisen<\/h2>\n\n<p>Wenn Sie Ihre Reiseroute noch nicht genau festgelegt haben, ist eines sicher: Es gibt keinen Mangel an Reisezielen f\u00fcr einen <a href=\"https:\/\/123-esta.com\/de\/was-zu-sehen-und-zu-besuchen-in-den-vereinigten-staaten\/\">Besuch in den USA<\/a>! Gro\u00dfst\u00e4dte wie New York werden f\u00fcr ihre Ma\u00dflosigkeit gesch\u00e4tzt, w\u00e4hrend man in Kalifornien das s\u00fc\u00dfe Leben suchen wird. Verreisen Sie mit der Familie? Florida mit seinen zahlreichen Vergn\u00fcgungsparks wird Gro\u00df und Klein begeistern!<\/p>\n\n<p>Wenn Sie sich nicht auf eine Stadt beschr\u00e4nken, sollten Sie wissen, dass das Land \u00fcber eine gute Infrastruktur verf\u00fcgt und man sich leicht mit dem Zug, Bus oder sogar mit dem Flugzeug fortbewegen kann, um l\u00e4ngere Strecken zur\u00fcckzulegen. Im Rahmen eines Roadtrips ist ein Mietwagen <a href=\"https:\/\/123-esta.com\/de\/die-transporte-zu-usa\/\">in den USA<\/a> immer noch das beste <a href=\"https:\/\/123-esta.com\/de\/die-transporte-zu-usa\/\">Transportmittel<\/a>. In diesem Zusammenhang ist es wichtig zu betonen, dass Sie vor Ihrer Abreise keinen internationalen F\u00fchrerschein beantragen m\u00fcssen, da Ihr franz\u00f6sischer F\u00fchrerschein ausreicht, um ein Fahrzeug zu mieten.<\/p>\n\n<h2 class=\"wp-block-heading\">Gesundheitsschutz und Geldwechsel<\/h2>\n\n<p>Denken Sie auch daran, eine <a href=\"https:\/\/123-esta.com\/de\/krankenversicherung-fur-eine-reise-in-die-staaten\/\">Reiseversicherung<\/a> abzuschlie\u00dfen. Am besten entscheiden Sie sich f\u00fcr eine Mehrfachversicherung, die unter anderem einen Teil der in den USA erbrachten Behandlungen abdeckt. Das Land ist leider f\u00fcr seine sehr hohen Kosten f\u00fcr die medizinische Versorgung bekannt. Das Sprichwort &#8222;Vorsicht ist besser als Nachsicht&#8220; trifft auf eine Reise in die USA besonders gut zu; und es w\u00e4re schade, wenn ein noch so kleiner Unfall Ihr Urlaubsbudget schm\u00e4lern w\u00fcrde.<\/p>\n\n<p>Wie Sie wissen, ist die W\u00e4hrung der Vereinigten Staaten der US-Dollar. Sie werden also irgendwann Ihre Euro in Dollar umtauschen m\u00fcssen. Hierf\u00fcr gibt es zahlreiche M\u00f6glichkeiten. Sie k\u00f6nnen Ihr Geld vor Ihrer Abreise oder nach Ihrer Ankunft vor Ort umtauschen: bei Ihrer Bank, am Flughafen, in einer <a href=\"https:\/\/123-esta.com\/de\/oder-wechsle-deine-wahrung-in-dollar\/\">Wechselstube<\/a> oder Sie k\u00f6nnen \u00fcber Geldautomaten Bargeld abheben.<\/p>\n\n<h2 class=\"wp-block-heading\">Die amerikanische Kultur<\/h2>\n\n<p>Schlie\u00dflich ist es die Entdeckung einer anderen Kultur, die den Reiz einer Auslandsreise ausmacht, und dazu geh\u00f6rt auch die Gastronomie. Fast Food und seine zahlreichen Vertreter, die man auch bei uns findet, sind nat\u00fcrlich ein Muss in der <a href=\"https:\/\/123-esta.com\/de\/die-amerikanische-kueche\/\">amerikanischen K\u00fcche<\/a>. Die kulinarischen Spezialit\u00e4ten des Landes beschr\u00e4nken sich jedoch nicht nur auf Hamburger oder Hot Dogs. Die USA bestehen aus 50 Bundesstaaten, die alle ihre eigenen kulinarischen Spezialit\u00e4ten haben. Von Fleisch bis Fisch, von Healthy bis Junk Food &#8211; f\u00fcr jeden Geschmack ist etwas dabei!<\/p>\n\n<p>Wundern Sie sich auch nicht, wenn Sie auf der Stra\u00dfe von Amerikanern angesprochen werden. Die Amerikaner sind sehr gastfreundlich und auch neugierig, da sie ein Einwanderungsland sind. Wenn Ihnen das passiert, ist es f\u00fcr Sie eine gute Gelegenheit, sich auszutauschen, etwas \u00fcber die Kultur des Landes zu erfahren und Ihr Englisch zu \u00fcben.<\/p>\n","protected":false},"excerpt":{"rendered":"<p>Haben Sie sich entschieden, f\u00fcr Ihren n\u00e4chsten Urlaub in die USA zu reisen? Sie haben Ihren g\u00fcltigen Reisepass, Ihr ESTA in der Tasche und sogar schon Ihre Flugtickets gebucht? Ausgezeichnet!Ob Sie nun nach New York reisen, um die Stadt, die niemals schl\u00e4ft, zu besichtigen, oder ob Sie dort einen Sprachkurs machen, hier sind unsere letzten [&hellip;]<\/p>\n","protected":false},"author":1,"featured_media":0,"parent":0,"menu_order":0,"comment_status":"closed","ping_status":"closed","template":"","meta":{"site-sidebar-layout":"default","site-content-layout":"default","ast-site-content-layout":"default","site-content-style":"default","site-sidebar-style":"default","ast-global-header-display":"","ast-banner-title-visibility":"","ast-main-header-display":"","ast-hfb-above-header-display":"","ast-hfb-below-header-display":"","ast-hfb-mobile-header-display":"","site-post-title":"","ast-breadcrumbs-content":"","ast-featured-img":"","footer-sml-layout":"","ast-disable-related-posts":"","theme-transparent-header-meta":"default","adv-header-id-meta":"","stick-header-meta":"default","header-above-stick-meta":"","header-main-stick-meta":"","header-below-stick-meta":"","astra-migrate-meta-layouts":"default","ast-page-background-enabled":"default","ast-page-background-meta":{"desktop":{"background-color":"","background-image":"","background-repeat":"repeat","background-position":"center center","background-size":"auto","background-attachment":"scroll","background-type":"","background-media":"","overlay-type":"","overlay-color":"","overlay-opacity":"","overlay-gradient":""},"tablet":{"background-color":"","background-image":"","background-repeat":"repeat","background-position":"center center","background-size":"auto","background-attachment":"scroll","background-type":"","background-media":"","overlay-type":"","overlay-color":"","overlay-opacity":"","overlay-gradient":""},"mobile":{"background-color":"","background-image":"","background-repeat":"repeat","background-position":"center center","background-size":"auto","background-attachment":"scroll","background-type":"","background-media":"","overlay-type":"","overlay-color":"","overlay-opacity":"","overlay-gradient":""}},"ast-content-background-meta":{"desktop":{"background-color":"var(--ast-global-color-5)","background-image":"","background-repeat":"repeat","background-position":"center center","background-size":"auto","background-attachment":"scroll","background-type":"","background-media":"","overlay-type":"","overlay-color":"","overlay-opacity":"","overlay-gradient":""},"tablet":{"background-color":"var(--ast-global-color-5)","background-image":"","background-repeat":"repeat","background-position":"center center","background-size":"auto","background-attachment":"scroll","background-type":"","background-media":"","overlay-type":"","overlay-color":"","overlay-opacity":"","overlay-gradient":""},"mobile":{"background-color":"var(--ast-global-color-5)","background-image":"","background-repeat":"repeat","background-position":"center center","background-size":"auto","background-attachment":"scroll","background-type":"","background-media":"","overlay-type":"","overlay-color":"","overlay-opacity":"","overlay-gradient":""}},"footnotes":""},"class_list":["post-2111","page","type-page","status-publish","hentry"],"yoast_head":"<!-- This site is optimized with the Yoast SEO plugin v27.1.1 - https:\/\/yoast.com\/product\/yoast-seo-wordpress\/ -->\n<title>Unsere Tipps zur Vorbereitung Ihrer Reise in die USA<\/title>\n<meta name=\"description\" content=\"Reisende, die sich in den USA aufhalten m\u00f6chten, sollten ihr Programm gut planen. Finden Sie hier unsere Tipps f\u00fcr einen gelungenen Urlaub.\" \/>\n<meta name=\"robots\" content=\"index, follow, max-snippet:-1, max-image-preview:large, max-video-preview:-1\" \/>\n<link rel=\"canonical\" href=\"https:\/\/123-esta.com\/de\/tipps-fuer-reisen-in-die-usa\/\" \/>\n<meta property=\"og:locale\" content=\"de_DE\" \/>\n<meta property=\"og:type\" content=\"article\" \/>\n<meta property=\"og:title\" content=\"Unsere Tipps zur Vorbereitung Ihrer Reise in die USA\" \/>\n<meta property=\"og:description\" content=\"Reisende, die sich in den USA aufhalten m\u00f6chten, sollten ihr Programm gut planen. Finden Sie hier unsere Tipps f\u00fcr einen gelungenen Urlaub.\" \/>\n<meta property=\"og:url\" content=\"https:\/\/123-esta.com\/de\/tipps-fuer-reisen-in-die-usa\/\" \/>\n<meta property=\"og:site_name\" content=\"Formulaire ESTA pour les USA\" \/>\n<meta property=\"article:modified_time\" content=\"2022-09-01T07:14:54+00:00\" \/>\n<meta name=\"twitter:card\" content=\"summary_large_image\" \/>\n<meta name=\"twitter:label1\" content=\"Gesch\u00e4tzte Lesezeit\" \/>\n\t<meta name=\"twitter:data1\" content=\"3\u00a0Minuten\" \/>\n<script type=\"application\/ld+json\" class=\"yoast-schema-graph\">{\"@context\":\"https:\/\/schema.org\",\"@graph\":[{\"@type\":\"WebPage\",\"@id\":\"https:\/\/123-esta.com\/de\/tipps-fuer-reisen-in-die-usa\/\",\"url\":\"https:\/\/123-esta.com\/de\/tipps-fuer-reisen-in-die-usa\/\",\"name\":\"Unsere Tipps zur Vorbereitung Ihrer Reise in die USA\",\"isPartOf\":{\"@id\":\"https:\/\/123-esta.com\/de\/#website\"},\"datePublished\":\"2022-07-27T19:32:37+00:00\",\"dateModified\":\"2022-09-01T07:14:54+00:00\",\"description\":\"Reisende, die sich in den USA aufhalten m\u00f6chten, sollten ihr Programm gut planen. Finden Sie hier unsere Tipps f\u00fcr einen gelungenen Urlaub.\",\"inLanguage\":\"de\",\"potentialAction\":[{\"@type\":\"ReadAction\",\"target\":[\"https:\/\/123-esta.com\/de\/tipps-fuer-reisen-in-die-usa\/\"]}]},{\"@type\":\"WebSite\",\"@id\":\"https:\/\/123-esta.com\/de\/#website\",\"url\":\"https:\/\/123-esta.com\/de\/\",\"name\":\"Formulaire ESTA pour les USA\",\"description\":\"\",\"publisher\":{\"@id\":\"https:\/\/123-esta.com\/de\/#organization\"},\"potentialAction\":[{\"@type\":\"SearchAction\",\"target\":{\"@type\":\"EntryPoint\",\"urlTemplate\":\"https:\/\/123-esta.com\/de\/?s={search_term_string}\"},\"query-input\":{\"@type\":\"PropertyValueSpecification\",\"valueRequired\":true,\"valueName\":\"search_term_string\"}}],\"inLanguage\":\"de\"},{\"@type\":\"Organization\",\"@id\":\"https:\/\/123-esta.com\/de\/#organization\",\"name\":\"Formulaire ESTA pour les USA\",\"url\":\"https:\/\/123-esta.com\/de\/\",\"logo\":{\"@type\":\"ImageObject\",\"inLanguage\":\"de\",\"@id\":\"https:\/\/123-esta.com\/de\/#\/schema\/logo\/image\/\",\"url\":\"https:\/\/123-esta.com\/wp-content\/uploads\/2018\/03\/logo-123-esta.png\",\"contentUrl\":\"https:\/\/123-esta.com\/wp-content\/uploads\/2018\/03\/logo-123-esta.png\",\"width\":191,\"height\":54,\"caption\":\"Formulaire ESTA pour les USA\"},\"image\":{\"@id\":\"https:\/\/123-esta.com\/de\/#\/schema\/logo\/image\/\"}}]}<\/script>\n<!-- \/ Yoast SEO plugin. -->","yoast_head_json":{"title":"Unsere Tipps zur Vorbereitung Ihrer Reise in die USA","description":"Reisende, die sich in den USA aufhalten m\u00f6chten, sollten ihr Programm gut planen. Finden Sie hier unsere Tipps f\u00fcr einen gelungenen Urlaub.","robots":{"index":"index","follow":"follow","max-snippet":"max-snippet:-1","max-image-preview":"max-image-preview:large","max-video-preview":"max-video-preview:-1"},"canonical":"https:\/\/123-esta.com\/de\/tipps-fuer-reisen-in-die-usa\/","og_locale":"de_DE","og_type":"article","og_title":"Unsere Tipps zur Vorbereitung Ihrer Reise in die USA","og_description":"Reisende, die sich in den USA aufhalten m\u00f6chten, sollten ihr Programm gut planen. Finden Sie hier unsere Tipps f\u00fcr einen gelungenen Urlaub.","og_url":"https:\/\/123-esta.com\/de\/tipps-fuer-reisen-in-die-usa\/","og_site_name":"Formulaire ESTA pour les USA","article_modified_time":"2022-09-01T07:14:54+00:00","twitter_card":"summary_large_image","twitter_misc":{"Gesch\u00e4tzte Lesezeit":"3\u00a0Minuten"},"schema":{"@context":"https:\/\/schema.org","@graph":[{"@type":"WebPage","@id":"https:\/\/123-esta.com\/de\/tipps-fuer-reisen-in-die-usa\/","url":"https:\/\/123-esta.com\/de\/tipps-fuer-reisen-in-die-usa\/","name":"Unsere Tipps zur Vorbereitung Ihrer Reise in die USA","isPartOf":{"@id":"https:\/\/123-esta.com\/de\/#website"},"datePublished":"2022-07-27T19:32:37+00:00","dateModified":"2022-09-01T07:14:54+00:00","description":"Reisende, die sich in den USA aufhalten m\u00f6chten, sollten ihr Programm gut planen. Finden Sie hier unsere Tipps f\u00fcr einen gelungenen Urlaub.","inLanguage":"de","potentialAction":[{"@type":"ReadAction","target":["https:\/\/123-esta.com\/de\/tipps-fuer-reisen-in-die-usa\/"]}]},{"@type":"WebSite","@id":"https:\/\/123-esta.com\/de\/#website","url":"https:\/\/123-esta.com\/de\/","name":"Formulaire ESTA pour les USA","description":"","publisher":{"@id":"https:\/\/123-esta.com\/de\/#organization"},"potentialAction":[{"@type":"SearchAction","target":{"@type":"EntryPoint","urlTemplate":"https:\/\/123-esta.com\/de\/?s={search_term_string}"},"query-input":{"@type":"PropertyValueSpecification","valueRequired":true,"valueName":"search_term_string"}}],"inLanguage":"de"},{"@type":"Organization","@id":"https:\/\/123-esta.com\/de\/#organization","name":"Formulaire ESTA pour les USA","url":"https:\/\/123-esta.com\/de\/","logo":{"@type":"ImageObject","inLanguage":"de","@id":"https:\/\/123-esta.com\/de\/#\/schema\/logo\/image\/","url":"https:\/\/123-esta.com\/wp-content\/uploads\/2018\/03\/logo-123-esta.png","contentUrl":"https:\/\/123-esta.com\/wp-content\/uploads\/2018\/03\/logo-123-esta.png","width":191,"height":54,"caption":"Formulaire ESTA pour les USA"},"image":{"@id":"https:\/\/123-esta.com\/de\/#\/schema\/logo\/image\/"}}]}},"_links":{"self":[{"href":"https:\/\/123-esta.com\/de\/wp-json\/wp\/v2\/pages\/2111","targetHints":{"allow":["GET"]}}],"collection":[{"href":"https:\/\/123-esta.com\/de\/wp-json\/wp\/v2\/pages"}],"about":[{"href":"https:\/\/123-esta.com\/de\/wp-json\/wp\/v2\/types\/page"}],"author":[{"embeddable":true,"href":"https:\/\/123-esta.com\/de\/wp-json\/wp\/v2\/users\/1"}],"replies":[{"embeddable":true,"href":"https:\/\/123-esta.com\/de\/wp-json\/wp\/v2\/comments?post=2111"}],"version-history":[{"count":0,"href":"https:\/\/123-esta.com\/de\/wp-json\/wp\/v2\/pages\/2111\/revisions"}],"wp:attachment":[{"href":"https:\/\/123-esta.com\/de\/wp-json\/wp\/v2\/media?parent=2111"}],"curies":[{"name":"wp","href":"https:\/\/api.w.org\/{rel}","templated":true}]}}